{"id":17080,"date":"2025-06-17T11:54:47","date_gmt":"2025-06-17T09:54:47","guid":{"rendered":"https:\/\/www.mascomtal.com\/botiga-online\/live-harvest\/"},"modified":"2026-03-13T10:39:52","modified_gmt":"2026-03-13T09:39:52","slug":"live-harvest","status":"publish","type":"product","link":"https:\/\/www.mascomtal.com\/en\/product\/live-harvest\/","title":{"rendered":"Live Harvest"},"content":{"rendered":"<h3><strong>Harvest Breakfast:<\/strong><\/h3>\n<p>Regain energy with a typical regional breakfast, full of local flavors and fresh products from Pened\u00e8s.<\/p>\n<h3><strong>Vineyard Tour:<\/strong><\/h3>\n<p>Walk through the vineyards and learn about the different grape varieties that make this region unique. Learn about the viticultural practices that are part of Pened\u00e8s&#8217; identity. <\/p>\n<h3><strong>Grape Picking:<\/strong><\/h3>\n<p>Experience the harvest like a true winegrower, picking grapes under the Pened\u00e8s sun. You&#8217;ll feel part of the tradition that has shaped this land. <\/p>\n<h3><strong>Traditional Grape Treading:<\/strong><\/h3>\n<p>Live the unique experience of treading grapes in the traditional style, a practice that connects with centuries of winemaking history.<\/p>\n<h3><strong>Wine and Must Tasting:<\/strong><\/h3>\n<p>Despr\u00e9s del treball de la verema, relaxeu-vos i gaudiu d\u2019una degustaci\u00f3 de vins del celler, acompanyat per un entorn privilegiat pel de tradici\u00f3 i hist\u00f2ria.<\/p>\n","protected":false},"excerpt":{"rendered":"<h2>Experience the Harvest Tradition in the Heart of Pened\u00e8s!<\/h2>\n<p>Immerse yourself in an authentic experience that celebrates the tradition and culture of Pened\u00e8s.<\/p>\n<p>We invite you to participate in an activity as old as the region itself, where you will discover the magic of the grape harvest and the transformation of grapes into wine.<\/p>\n<p>If you would like to enjoy an experience in another language, please click on this <a href=\"https:\/\/www.mascomtal.com\/en\/visits\/personalized-tours\/?tipus-visita=verema-viva\">link<\/a>.<\/p>\n","protected":false},"featured_media":17213,"comment_status":"open","ping_status":"closed","template":"","meta":{"_acf_changed":false,"_et_pb_use_builder":"","_et_pb_old_content":"","_et_gb_content_width":""},"product_brand":[],"product_cat":[73],"product_tag":[],"class_list":{"0":"post-17080","1":"product","2":"type-product","3":"status-publish","4":"has-post-thumbnail","6":"product_cat-wine-tourism","8":"first","9":"instock","10":"virtual","11":"sold-individually","12":"taxable","13":"purchasable","14":"product-type-booking"},"group_of_quantity":0,"min_quantity":0,"max_quantity":"","exclude_order_quantity_value_rules":"no","exclude_category_quantity_rules":"no","combine_variations":"no","acf":[],"_links":{"self":[{"href":"https:\/\/www.mascomtal.com\/en\/wp-json\/wp\/v2\/product\/17080","targetHints":{"allow":["GET"]}}],"collection":[{"href":"https:\/\/www.mascomtal.com\/en\/wp-json\/wp\/v2\/product"}],"about":[{"href":"https:\/\/www.mascomtal.com\/en\/wp-json\/wp\/v2\/types\/product"}],"replies":[{"embeddable":true,"href":"https:\/\/www.mascomtal.com\/en\/wp-json\/wp\/v2\/comments?post=17080"}],"wp:featuredmedia":[{"embeddable":true,"href":"https:\/\/www.mascomtal.com\/en\/wp-json\/wp\/v2\/media\/17213"}],"wp:attachment":[{"href":"https:\/\/www.mascomtal.com\/en\/wp-json\/wp\/v2\/media?parent=17080"}],"wp:term":[{"taxonomy":"product_brand","embeddable":true,"href":"https:\/\/www.mascomtal.com\/en\/wp-json\/wp\/v2\/product_brand?post=17080"},{"taxonomy":"product_cat","embeddable":true,"href":"https:\/\/www.mascomtal.com\/en\/wp-json\/wp\/v2\/product_cat?post=17080"},{"taxonomy":"product_tag","embeddable":true,"href":"https:\/\/www.mascomtal.com\/en\/wp-json\/wp\/v2\/product_tag?post=17080"}],"curies":[{"name":"wp","href":"https:\/\/api.w.org\/{rel}","templated":true}]}}