{"id":2232,"date":"2021-09-06T17:38:41","date_gmt":"2021-09-06T15:38:41","guid":{"rendered":"https:\/\/www.mascomtal.com\/botiga-online\/antistiana-cabernet-franc\/"},"modified":"2025-07-03T11:24:53","modified_gmt":"2025-07-03T09:24:53","slug":"antistiana-cabernet-franc","status":"publish","type":"product","link":"https:\/\/www.mascomtal.com\/en\/product\/antistiana-cabernet-franc\/","title":{"rendered":"<strong>Antistiana<\/strong> Cabernet Franc"},"content":{"rendered":"<p>Antistiana was an ancient Roman town and mansion near the Via Augusta, on the road from Arles to Tarragona (Tarraco) and to Cartagena (Cartago), of uncertain location; perhaps in the triangle between Vilafranca del Pened\u00e8s, Ol\u00e8rdola and La R\u00e0pita, near Santa Margarida I els Monjos. Possibly the name was taken by Cayo Antistio, one of the Roman generals who took part in the Cantabrian war.<\/p>\n","protected":false},"excerpt":{"rendered":"<p>Antistiana was an ancient Roman town and mansion near the Via Augusta, on the road from Arles to Tarragona (Tarraco) and to Cartagena (Cartago), of uncertain location; perhaps in the triangle between Vilafranca del Pened\u00e8s, Ol\u00e8rdola and La R\u00e0pita, near Santa Margarida I els Monjos. Possibly the name was taken by Cayo Antistio, one of [&hellip;]<\/p>\n","protected":false},"featured_media":15876,"comment_status":"open","ping_status":"closed","template":"","meta":{"_acf_changed":false,"_et_pb_use_builder":"","_et_pb_old_content":"","_et_gb_content_width":""},"product_brand":[],"product_cat":[48,53],"product_tag":[],"class_list":{"0":"post-2232","1":"product","2":"type-product","3":"status-publish","4":"has-post-thumbnail","6":"product_cat-antistiana","7":"product_cat-wines-and-sparkling-wines","8":"pa_capacitat-bottle-75cl","9":"pa_capacitat-magnum-en","11":"first","12":"instock","13":"taxable","14":"shipping-taxable","15":"purchasable","16":"product-type-variable"},"group_of_quantity":0,"min_quantity":0,"max_quantity":"","exclude_order_quantity_value_rules":"no","exclude_category_quantity_rules":"no","combine_variations":"no","acf":[],"_links":{"self":[{"href":"https:\/\/www.mascomtal.com\/en\/wp-json\/wp\/v2\/product\/2232","targetHints":{"allow":["GET"]}}],"collection":[{"href":"https:\/\/www.mascomtal.com\/en\/wp-json\/wp\/v2\/product"}],"about":[{"href":"https:\/\/www.mascomtal.com\/en\/wp-json\/wp\/v2\/types\/product"}],"replies":[{"embeddable":true,"href":"https:\/\/www.mascomtal.com\/en\/wp-json\/wp\/v2\/comments?post=2232"}],"wp:featuredmedia":[{"embeddable":true,"href":"https:\/\/www.mascomtal.com\/en\/wp-json\/wp\/v2\/media\/15876"}],"wp:attachment":[{"href":"https:\/\/www.mascomtal.com\/en\/wp-json\/wp\/v2\/media?parent=2232"}],"wp:term":[{"taxonomy":"product_brand","embeddable":true,"href":"https:\/\/www.mascomtal.com\/en\/wp-json\/wp\/v2\/product_brand?post=2232"},{"taxonomy":"product_cat","embeddable":true,"href":"https:\/\/www.mascomtal.com\/en\/wp-json\/wp\/v2\/product_cat?post=2232"},{"taxonomy":"product_tag","embeddable":true,"href":"https:\/\/www.mascomtal.com\/en\/wp-json\/wp\/v2\/product_tag?post=2232"}],"curies":[{"name":"wp","href":"https:\/\/api.w.org\/{rel}","templated":true}]}}