{"id":16727,"date":"2024-08-26T14:46:45","date_gmt":"2024-08-26T12:46:45","guid":{"rendered":"https:\/\/www.mascomtal.com\/vinos\/"},"modified":"2025-07-08T09:08:01","modified_gmt":"2025-07-08T07:08:01","slug":"vinos","status":"publish","type":"page","link":"https:\/\/www.mascomtal.com\/es\/vinos\/","title":{"rendered":"Vinos"},"content":{"rendered":"<p>[et_pb_section fb_built=&#8221;1&#8243; _builder_version=&#8221;4.27.4&#8243; _module_preset=&#8221;default&#8221; background_image=&#8221;https:\/\/www.mascomtal.com\/wp-content\/uploads\/2025\/06\/vins-portada-mas-comtal.jpg&#8221; height=&#8221;60vh&#8221; height_tablet=&#8221;40vh&#8221; height_phone=&#8221;25vh&#8221; height_last_edited=&#8221;on|phone&#8221; global_colors_info=&#8221;{}&#8221;][\/et_pb_section][et_pb_section fb_built=&#8221;1&#8243; _builder_version=&#8221;4.27.0&#8243; _module_preset=&#8221;default&#8221; min_height=&#8221;272.5px&#8221; custom_padding=&#8221;||0px||false|false&#8221; global_colors_info=&#8221;{}&#8221;][et_pb_row column_structure=&#8221;3_5,2_5&#8243; _builder_version=&#8221;4.27.0&#8243; _module_preset=&#8221;default&#8221; global_colors_info=&#8221;{}&#8221;][et_pb_column type=&#8221;3_5&#8243; _builder_version=&#8221;4.27.0&#8243; _module_preset=&#8221;default&#8221; global_colors_info=&#8221;{}&#8221;][et_pb_text _builder_version=&#8221;4.27.0&#8243; _module_preset=&#8221;default&#8221; text_font_size=&#8221;18px&#8221; custom_margin=&#8221;|-545px||||&#8221; text_font_size_tablet=&#8221;18px&#8221; text_font_size_phone=&#8221;18px&#8221; text_font_size_last_edited=&#8221;on|desktop&#8221; global_colors_info=&#8221;{}&#8221;]<\/p>\n<h1>Los <strong>vinos<\/strong> de Mas Comtal<\/h1>\n<p>D\u00eda tras d\u00eda, trabajamos con ilusi\u00f3n para que nuestra uva, tratada con delicadeza y sabidur\u00eda, nos obsequie con unos vinos que transmitan el car\u00e1cter del paisaje, la particularidad de la a\u00f1ada y nuestra interpretaci\u00f3n de la esencia del vino. Este es nuestro reto: la elaboraci\u00f3n de unos vinos que te emocionen. <\/p>\n<p>[\/et_pb_text][\/et_pb_column][et_pb_column type=&#8221;2_5&#8243; _builder_version=&#8221;4.27.0&#8243; _module_preset=&#8221;default&#8221; global_colors_info=&#8221;{}&#8221;][\/et_pb_column][\/et_pb_row][\/et_pb_section][et_pb_section fb_built=&#8221;1&#8243; module_id=&#8221;joves&#8221; _builder_version=&#8221;4.27.0&#8243; _module_preset=&#8221;default&#8221; custom_padding=&#8221;0px||0px||false|false&#8221; global_colors_info=&#8221;{}&#8221;][et_pb_row column_structure=&#8221;3_5,2_5&#8243; make_equal=&#8221;on&#8221; _builder_version=&#8221;4.27.0&#8243; _module_preset=&#8221;default&#8221; custom_css_main_element=&#8221;align-items:flex-end;&#8221; global_colors_info=&#8221;{}&#8221;][et_pb_column type=&#8221;3_5&#8243; _builder_version=&#8221;4.27.0&#8243; _module_preset=&#8221;default&#8221; global_colors_info=&#8221;{}&#8221;][et_pb_text _builder_version=&#8221;4.27.0&#8243; _module_preset=&#8221;default&#8221; text_font=&#8221;||||||||&#8221; text_font_size=&#8221;18px&#8221; header_2_font_size=&#8221;40px&#8221; header_2_line_height=&#8221;1.1em&#8221; header_3_font=&#8221;||||||||&#8221; global_colors_info=&#8221;{}&#8221;]<\/p>\n<h2>Nuestros <strong>j\u00f3venes<\/strong><\/h2>\n<h3>Vinos sin barrica<\/h3>\n<p>Son los vinos j\u00f3venes los que ven la luz m\u00e1s pronto. Se embotellan durante su primer medio a\u00f1o de vida. La expresi\u00f3n m\u00e1s sincera del mosto fermentado.  <\/p>\n<p>De colores intensos. El aroma y el sabor nos recuerdan la fruta que ha permitido su elaboraci\u00f3n, la uva. Por eso hablamos de vinos frescos, ligeros y chispeantes. Un fest\u00edn para los sentidos.   <\/p>\n<p>[\/et_pb_text][\/et_pb_column][et_pb_column type=&#8221;2_5&#8243; _builder_version=&#8221;4.27.0&#8243; _module_preset=&#8221;default&#8221; global_colors_info=&#8221;{}&#8221;][et_pb_shop type=&#8221;product_category&#8221; posts_number=&#8221;3&#8243; include_categories=&#8221;34&#8243; columns_number=&#8221;3&#8243; orderby=&#8221;menu_order&#8221; _builder_version=&#8221;4.27.0&#8243; _module_preset=&#8221;d28944a7-b77e-4890-b025-1c73124ce96d&#8221; global_colors_info=&#8221;{}&#8221;][\/et_pb_shop][\/et_pb_column][\/et_pb_row][\/et_pb_section][et_pb_section fb_built=&#8221;1&#8243; module_id=&#8221;antistiana&#8221; _builder_version=&#8221;4.27.0&#8243; _module_preset=&#8221;default&#8221; global_colors_info=&#8221;{}&#8221;][et_pb_row column_structure=&#8221;2_5,3_5&#8243; make_equal=&#8221;on&#8221; _builder_version=&#8221;4.27.0&#8243; _module_preset=&#8221;default&#8221; custom_padding=&#8221;||6px||false|false&#8221; custom_css_main_element=&#8221;align-items:flex-end;&#8221; global_colors_info=&#8221;{}&#8221;][et_pb_column type=&#8221;2_5&#8243; _builder_version=&#8221;4.27.0&#8243; _module_preset=&#8221;default&#8221; global_colors_info=&#8221;{}&#8221;][et_pb_shop type=&#8221;product_category&#8221; posts_number=&#8221;3&#8243; include_categories=&#8221;47&#8243; columns_number=&#8221;3&#8243; orderby=&#8221;menu_order&#8221; _builder_version=&#8221;4.27.0&#8243; _module_preset=&#8221;d28944a7-b77e-4890-b025-1c73124ce96d&#8221; custom_css_free_form=&#8221;selector .button {||  display:none!important;||}&#8221; global_colors_info=&#8221;{}&#8221;][\/et_pb_shop][\/et_pb_column][et_pb_column type=&#8221;3_5&#8243; _builder_version=&#8221;4.27.0&#8243; _module_preset=&#8221;default&#8221; global_colors_info=&#8221;{}&#8221;][et_pb_text _builder_version=&#8221;4.27.0&#8243; _module_preset=&#8221;default&#8221; text_font_size=&#8221;18px&#8221; width=&#8221;99.9%&#8221; custom_margin=&#8221;|-287px||||&#8221; global_colors_info=&#8221;{}&#8221;]<\/p>\n<h2><strong>Antistiana<\/strong><\/h2>\n<h3>Colecci\u00f3n de vino de finca<\/h3>\n<p>Antistiana da nombre a una peque\u00f1a colecci\u00f3n de monovarietales elaborados a partir de uva proveniente de una \u00fanica parcela.<\/p>\n<p>Vino que expresa as\u00ed la personalidad de una variedad, la peculiaridad de un terreno, un microclima y una larga experiencia vitivin\u00edcola.<\/p>\n<p>[\/et_pb_text][\/et_pb_column][\/et_pb_row][\/et_pb_section][et_pb_section fb_built=&#8221;1&#8243; module_id=&#8221;petrea&#8221; _builder_version=&#8221;4.27.0&#8243; _module_preset=&#8221;default&#8221; custom_margin=&#8221;-37px|||||&#8221; custom_padding=&#8221;||2px||false|false&#8221; global_colors_info=&#8221;{}&#8221;][et_pb_row column_structure=&#8221;3_4,1_4&#8243; make_equal=&#8221;on&#8221; _builder_version=&#8221;4.27.0&#8243; _module_preset=&#8221;default&#8221; custom_css_main_element=&#8221;align-items:flex-end;&#8221; global_colors_info=&#8221;{}&#8221;][et_pb_column type=&#8221;3_4&#8243; _builder_version=&#8221;4.27.0&#8243; _module_preset=&#8221;default&#8221; global_colors_info=&#8221;{}&#8221;][et_pb_text _builder_version=&#8221;4.27.4&#8243; _module_preset=&#8221;default&#8221; text_font_size=&#8221;18px&#8221; width=&#8221;99.9%&#8221; custom_margin=&#8221;|-287px||||&#8221; global_colors_info=&#8221;{}&#8221;]<\/p>\n<h2><strong>Petrea<\/strong><\/h2>\n<h3><span>Solo de las mejores a\u00f1adas<\/span><\/h3>\n<p>La palabra Petrea, evocaci\u00f3n de piedra, nos sugiere un tipo de roble, estructura, calidad y longevidad.<\/p>\n<p>A trav\u00e9s de estos vinos, elaborados a partir de la mejor uva y solo en las mejores a\u00f1adas, y con la complicidad de artistas como David Ribes, Josep Maria Casas, Marisa Carri\u00f3, Jaume Amigo o Carmen Bueno, <strong>cada botella se convierte en toda una obra de arte.<\/strong><\/p>\n<p>As\u00ed pues, <strong>singulares y \u00fanicos<\/strong>, cada una de las diferentes a\u00f1adas de los vinos Petrea se etiquetan con una reproducci\u00f3n de una pintura especialmente creada para la ocasi\u00f3n.<\/p>\n<p>[\/et_pb_text][\/et_pb_column][et_pb_column type=&#8221;1_4&#8243; _builder_version=&#8221;4.27.0&#8243; _module_preset=&#8221;default&#8221; global_colors_info=&#8221;{}&#8221;][et_pb_shop type=&#8221;product_category&#8221; posts_number=&#8221;2&#8243; include_categories=&#8221;42&#8243; columns_number=&#8221;2&#8243; orderby=&#8221;menu_order&#8221; _builder_version=&#8221;4.27.0&#8243; _module_preset=&#8221;d28944a7-b77e-4890-b025-1c73124ce96d&#8221; custom_margin=&#8221;|-2px||||&#8221; custom_css_free_form=&#8221;selector .button {||  display:none!important;||}&#8221; global_colors_info=&#8221;{}&#8221;][\/et_pb_shop][\/et_pb_column][\/et_pb_row][\/et_pb_section][et_pb_section fb_built=&#8221;1&#8243; module_id=&#8221;classic-penedes&#8221; _builder_version=&#8221;4.27.0&#8243; _module_preset=&#8221;default&#8221; custom_padding=&#8221;||0px||false|false&#8221; global_colors_info=&#8221;{}&#8221;][et_pb_row column_structure=&#8221;2_5,3_5&#8243; make_equal=&#8221;on&#8221; _builder_version=&#8221;4.27.0&#8243; _module_preset=&#8221;default&#8221; custom_margin=&#8221;|auto|-1px|auto|false|false&#8221; custom_padding=&#8221;||2px||false|false&#8221; custom_css_main_element=&#8221;align-items:flex-end;&#8221; global_colors_info=&#8221;{}&#8221;][et_pb_column type=&#8221;2_5&#8243; _builder_version=&#8221;4.27.0&#8243; _module_preset=&#8221;default&#8221; global_colors_info=&#8221;{}&#8221;][et_pb_shop type=&#8221;product_category&#8221; posts_number=&#8221;3&#8243; include_categories=&#8221;44&#8243; columns_number=&#8221;3&#8243; orderby=&#8221;menu_order&#8221; _builder_version=&#8221;4.27.0&#8243; _module_preset=&#8221;d28944a7-b77e-4890-b025-1c73124ce96d&#8221; custom_margin=&#8221;|-2px||||&#8221; custom_css_free_form=&#8221;selector .button {||  display:none!important;||}&#8221; global_colors_info=&#8221;{}&#8221;][\/et_pb_shop][\/et_pb_column][et_pb_column type=&#8221;3_5&#8243; _builder_version=&#8221;4.27.0&#8243; _module_preset=&#8221;default&#8221; global_colors_info=&#8221;{}&#8221;][et_pb_text _builder_version=&#8221;4.27.0&#8243; _module_preset=&#8221;default&#8221; text_font_size=&#8221;18px&#8221; width=&#8221;99.9%&#8221; custom_margin=&#8221;|-287px||||&#8221; global_colors_info=&#8221;{}&#8221;]<\/p>\n<h2><strong>Cl\u00e1sico Pened\u00e8s<\/strong><\/h2>\n<h3><span>Vinos con burbujas<\/span><\/h3>\n<p>En 2002 fuimos los pioneros en la elaboraci\u00f3n de las primeras botellas de una <strong>nueva categor\u00eda de vino con origen, que ha dado lugar al Cl\u00e1sico Pened\u00e8s.<\/strong><\/p>\n<p>Estamos orgullosos de haber impulsado este nuevo y emocionante proyecto, estrechamente comprometido con el territorio y que reconoce la elaboraci\u00f3n de grandes vinos en el Pened\u00e8s.<\/p>\n<p>[\/et_pb_text][\/et_pb_column][\/et_pb_row][\/et_pb_section][et_pb_section fb_built=&#8221;1&#8243; module_id=&#8221;angular&#8221; _builder_version=&#8221;4.27.0&#8243; _module_preset=&#8221;default&#8221; custom_padding=&#8221;||0px||false|false&#8221; global_colors_info=&#8221;{}&#8221;][et_pb_row column_structure=&#8221;3_5,2_5&#8243; make_equal=&#8221;on&#8221; _builder_version=&#8221;4.27.0&#8243; _module_preset=&#8221;default&#8221; custom_css_main_element=&#8221;align-items:flex-end;&#8221; global_colors_info=&#8221;{}&#8221;][et_pb_column type=&#8221;3_5&#8243; _builder_version=&#8221;4.27.0&#8243; _module_preset=&#8221;default&#8221; global_colors_info=&#8221;{}&#8221;][et_pb_text _builder_version=&#8221;4.27.0&#8243; _module_preset=&#8221;default&#8221; text_font_size=&#8221;18px&#8221; width=&#8221;99.9%&#8221; custom_margin=&#8221;|-287px||||&#8221; global_colors_info=&#8221;{}&#8221;]<\/p>\n<h2><strong>Gran Angular<\/strong><\/h2>\n<h3><span>Serie Limitada<\/span><\/h3>\n<p>Para los vin\u00f3filos m\u00e1s exigentes, hemos desarrollado una nueva l\u00ednea de microvinificaciones que nos permite elaborar vinos singulares y crecer profesionalmente.<\/p>\n<p>[\/et_pb_text][\/et_pb_column][et_pb_column type=&#8221;2_5&#8243; _builder_version=&#8221;4.27.0&#8243; _module_preset=&#8221;default&#8221; global_colors_info=&#8221;{}&#8221;][et_pb_shop type=&#8221;product_category&#8221; posts_number=&#8221;3&#8243; include_categories=&#8221;40&#8243; columns_number=&#8221;3&#8243; _builder_version=&#8221;4.27.0&#8243; _module_preset=&#8221;d28944a7-b77e-4890-b025-1c73124ce96d&#8221; custom_margin=&#8221;||2px|||&#8221; custom_padding=&#8221;||0px|||&#8221; custom_css_free_form=&#8221;selector .button {||  display:none!important;||}&#8221; global_colors_info=&#8221;{}&#8221;][\/et_pb_shop][\/et_pb_column][\/et_pb_row][\/et_pb_section][et_pb_section fb_built=&#8221;1&#8243; module_id=&#8221;lyric&#8221; _builder_version=&#8221;4.27.0&#8243; _module_preset=&#8221;default&#8221; global_colors_info=&#8221;{}&#8221;][et_pb_row column_structure=&#8221;1_4,3_4&#8243; make_equal=&#8221;on&#8221; _builder_version=&#8221;4.27.0&#8243; _module_preset=&#8221;default&#8221; custom_margin=&#8221;|auto|-4px|auto|false|false&#8221; custom_padding=&#8221;3px||28px||false|false&#8221; custom_css_main_element=&#8221;align-items:flex-end;&#8221; global_colors_info=&#8221;{}&#8221;][et_pb_column type=&#8221;1_4&#8243; _builder_version=&#8221;4.27.0&#8243; _module_preset=&#8221;default&#8221; global_colors_info=&#8221;{}&#8221;][et_pb_shop type=&#8221;product_category&#8221; posts_number=&#8221;1&#8243; include_categories=&#8221;37&#8243; columns_number=&#8221;1&#8243; _builder_version=&#8221;4.27.0&#8243; _module_preset=&#8221;d28944a7-b77e-4890-b025-1c73124ce96d&#8221; custom_margin=&#8221;||2px|||&#8221; custom_padding=&#8221;||0px|||&#8221; custom_css_free_form=&#8221;selector .button {||  display:none!important;||}&#8221; global_colors_info=&#8221;{}&#8221;][\/et_pb_shop][\/et_pb_column][et_pb_column type=&#8221;3_4&#8243; _builder_version=&#8221;4.27.0&#8243; _module_preset=&#8221;default&#8221; global_colors_info=&#8221;{}&#8221;][et_pb_text _builder_version=&#8221;4.27.0&#8243; _module_preset=&#8221;default&#8221; text_font_size=&#8221;18px&#8221; width=&#8221;99.9%&#8221; custom_margin=&#8221;|-287px||||&#8221; global_colors_info=&#8221;{}&#8221;]<\/p>\n<h2><strong>Vinos dulces<\/strong><\/h2>\n<h3><span>Vinos con solera<\/span><\/h3>\n<p>Los vinos dulces de Mas Comtal son generosos, resultado de un proyecto que se inicia con la cosecha de 1993, coincidiendo con el inicio de la nueva etapa de la finca familiar.<\/p>\n<p>Se trata de vinos dulces, elaborados a partir de la variedad Merlot, vinificados siguiendo la metodolog\u00eda de elaboraci\u00f3n de los vinos generosos fortificados; se ha dejado fermentar parcialmente el mosto que luego se ha encabezado con alcohol v\u00ednico en la misma barrica de crianza.<\/p>\n<p>De forma anual, se elaboran y cr\u00edan peque\u00f1as cantidades en barricas de 225 litros siguiendo el sistema de \u201cSolera y criadera\u201d. Es por ello que hablamos de un vino de una Solera de 1993.<\/p>\n<p>Embotellado en botellas de 50cl y con tap\u00f3n de vidrio.<\/p>\n<p>[\/et_pb_text][\/et_pb_column][\/et_pb_row][\/et_pb_section]<\/p>\n","protected":false},"excerpt":{"rendered":"<p>Los vinos de Mas Comtal D\u00eda tras d\u00eda, trabajamos con ilusi\u00f3n para que nuestra uva, tratada con delicadeza y sabidur\u00eda, nos obsequie con unos vinos que transmitan el car\u00e1cter del paisaje, la particularidad de la a\u00f1ada y nuestra interpretaci\u00f3n de la esencia del vino. Este es nuestro reto: la elaboraci\u00f3n de unos vinos que te [&hellip;]<\/p>\n","protected":false},"author":2,"featured_media":0,"parent":0,"menu_order":0,"comment_status":"closed","ping_status":"closed","template":"","meta":{"_acf_changed":false,"_et_pb_use_builder":"on","_et_pb_old_content":"","_et_gb_content_width":"","footnotes":""},"dipi_cpt_category":[],"class_list":["post-16727","page","type-page","status-publish","hentry"],"acf":[],"_links":{"self":[{"href":"https:\/\/www.mascomtal.com\/es\/wp-json\/wp\/v2\/pages\/16727","targetHints":{"allow":["GET"]}}],"collection":[{"href":"https:\/\/www.mascomtal.com\/es\/wp-json\/wp\/v2\/pages"}],"about":[{"href":"https:\/\/www.mascomtal.com\/es\/wp-json\/wp\/v2\/types\/page"}],"author":[{"embeddable":true,"href":"https:\/\/www.mascomtal.com\/es\/wp-json\/wp\/v2\/users\/2"}],"replies":[{"embeddable":true,"href":"https:\/\/www.mascomtal.com\/es\/wp-json\/wp\/v2\/comments?post=16727"}],"version-history":[{"count":10,"href":"https:\/\/www.mascomtal.com\/es\/wp-json\/wp\/v2\/pages\/16727\/revisions"}],"predecessor-version":[{"id":17855,"href":"https:\/\/www.mascomtal.com\/es\/wp-json\/wp\/v2\/pages\/16727\/revisions\/17855"}],"wp:attachment":[{"href":"https:\/\/www.mascomtal.com\/es\/wp-json\/wp\/v2\/media?parent=16727"}],"wp:term":[{"taxonomy":"dipi_cpt_category","embeddable":true,"href":"https:\/\/www.mascomtal.com\/es\/wp-json\/wp\/v2\/dipi_cpt_category?post=16727"}],"curies":[{"name":"wp","href":"https:\/\/api.w.org\/{rel}","templated":true}]}}