{"id":16733,"date":"2024-08-26T14:47:11","date_gmt":"2024-08-26T12:47:11","guid":{"rendered":"https:\/\/www.mascomtal.com\/visitas\/"},"modified":"2025-07-16T11:20:24","modified_gmt":"2025-07-16T09:20:24","slug":"visitas","status":"publish","type":"page","link":"https:\/\/www.mascomtal.com\/es\/visitas\/","title":{"rendered":"Visitas"},"content":{"rendered":"<p>[et_pb_section fb_built=&#8221;1&#8243; _builder_version=&#8221;4.27.4&#8243; _module_preset=&#8221;default&#8221; background_image=&#8221;https:\/\/www.mascomtal.com\/wp-content\/uploads\/2025\/03\/mas-comtal-visites-enoturisme.jpg&#8221; min_height=&#8221;338px&#8221; hover_enabled=&#8221;0&#8243; global_colors_info=&#8221;{}&#8221; sticky_enabled=&#8221;0&#8243;][\/et_pb_section][et_pb_section fb_built=&#8221;1&#8243; _builder_version=&#8221;4.27.0&#8243; _module_preset=&#8221;default&#8221; custom_margin=&#8221;-2px|||||&#8221; global_colors_info=&#8221;{}&#8221;][et_pb_row _builder_version=&#8221;4.27.4&#8243; _module_preset=&#8221;default&#8221; custom_padding=&#8221;||0px||false|false&#8221; locked=&#8221;off&#8221; global_colors_info=&#8221;{}&#8221;][et_pb_column type=&#8221;4_4&#8243; _builder_version=&#8221;4.16&#8243; _module_preset=&#8221;default&#8221; global_colors_info=&#8221;{}&#8221;][et_pb_text _builder_version=&#8221;4.27.4&#8243; _module_preset=&#8221;default&#8221; text_font=&#8221;||||||||&#8221; text_font_size=&#8221;18px&#8221; header_2_font_size=&#8221;40px&#8221; header_2_line_height=&#8221;1.1em&#8221; header_3_font=&#8221;||||||||&#8221; global_colors_info=&#8221;{}&#8221;]<\/p>\n<h1><strong>Visita<\/strong> Mas Comtal:<br \/>bienvenidos a <strong>nuestra casa<\/strong><\/h1>\n<p>[\/et_pb_text][et_pb_shop type=&#8221;product_category&#8221; include_categories=&#8221;110,29&#8243; columns_number=&#8221;5&#8243; _builder_version=&#8221;4.27.4&#8243; _module_preset=&#8221;default&#8221; global_colors_info=&#8221;{}&#8221;][\/et_pb_shop][\/et_pb_column][\/et_pb_row][et_pb_row column_structure=&#8221;1_2,1_2&#8243; _builder_version=&#8221;4.27.4&#8243; _module_preset=&#8221;default&#8221; custom_padding=&#8221;0px||||false|false&#8221; locked=&#8221;off&#8221; global_colors_info=&#8221;{}&#8221;][et_pb_column type=&#8221;1_2&#8243; _builder_version=&#8221;4.16&#8243; _module_preset=&#8221;default&#8221; global_colors_info=&#8221;{}&#8221;][et_pb_text _builder_version=&#8221;4.27.4&#8243; _module_preset=&#8221;default&#8221; global_colors_info=&#8221;{}&#8221;]<\/p>\n<p>Estamos emocionados de invitarte a una experiencia vin\u00edcola como ninguna otra en nuestra bodega.<\/p>\n<p>Si te gusta el vino, la diversi\u00f3n y las buenas vibraciones, esta es tu oportunidad de sumergirte en un mundo de sabores, aromas y momentos inolvidables.<\/p>\n<p>En nuestra bodega, no solo te daremos la bienvenida con los brazos abiertos, sino que tambi\u00e9n te abriremos las puertas de los rincones m\u00e1s \u00edntimos de nuestra historia y pasi\u00f3n por la viticultura y el vino.<\/p>\n<p>Imag\u00ednate caminando entre los vi\u00f1edos ba\u00f1ados por el sol, respirando el aire impregnado de historia vin\u00edcola y sintiendo la energ\u00eda positiva que fluye en cada gota de vino que producimos.<\/p>\n<p>[\/et_pb_text][\/et_pb_column][et_pb_column type=&#8221;1_2&#8243; _builder_version=&#8221;4.16&#8243; _module_preset=&#8221;default&#8221; global_colors_info=&#8221;{}&#8221;][et_pb_text _builder_version=&#8221;4.27.0&#8243; _module_preset=&#8221;default&#8221; global_colors_info=&#8221;{}&#8221;]<\/p>\n<p>La degustaci\u00f3n de vinos ser\u00e1 una fiesta para tus sentidos. Probar\u00e1s nuestros vinos estrella acompa\u00f1ados de peque\u00f1as delicias gastron\u00f3micas. Y si eres aventurero, te invitamos a probar nuestras variedades m\u00e1s \u00fanicas e inesperadas.  <\/p>\n<p>Para los amantes de la diversi\u00f3n, ofrecemos actividades din\u00e1micas como concursos de maridaje, juegos relacionados con el mundo del vino y otras sorpresas que te har\u00e1n re\u00edr y disfrutar como nunca.<\/p>\n<p>Este no es solo una bodega, es un escenario de celebraci\u00f3n donde cada sorbo es una expresi\u00f3n de nuestra pasi\u00f3n compartida por el vino.<\/p>\n<p><strong>Cada \u00e9poca del a\u00f1o es diferente, y cada visita tambi\u00e9n.<\/strong><\/p>\n<p>[\/et_pb_text][\/et_pb_column][\/et_pb_row][\/et_pb_section]<\/p>\n","protected":false},"excerpt":{"rendered":"<p>Visita Mas Comtal:bienvenidos a nuestra casaEstamos emocionados de invitarte a una experiencia vin\u00edcola como ninguna otra en nuestra bodega. Si te gusta el vino, la diversi\u00f3n y las buenas vibraciones, esta es tu oportunidad de sumergirte en un mundo de sabores, aromas y momentos inolvidables. En nuestra bodega, no solo te daremos la bienvenida con [&hellip;]<\/p>\n","protected":false},"author":2,"featured_media":0,"parent":0,"menu_order":0,"comment_status":"closed","ping_status":"closed","template":"","meta":{"_acf_changed":false,"_et_pb_use_builder":"on","_et_pb_old_content":"","_et_gb_content_width":"","footnotes":""},"dipi_cpt_category":[],"class_list":["post-16733","page","type-page","status-publish","hentry"],"acf":[],"_links":{"self":[{"href":"https:\/\/www.mascomtal.com\/es\/wp-json\/wp\/v2\/pages\/16733","targetHints":{"allow":["GET"]}}],"collection":[{"href":"https:\/\/www.mascomtal.com\/es\/wp-json\/wp\/v2\/pages"}],"about":[{"href":"https:\/\/www.mascomtal.com\/es\/wp-json\/wp\/v2\/types\/page"}],"author":[{"embeddable":true,"href":"https:\/\/www.mascomtal.com\/es\/wp-json\/wp\/v2\/users\/2"}],"replies":[{"embeddable":true,"href":"https:\/\/www.mascomtal.com\/es\/wp-json\/wp\/v2\/comments?post=16733"}],"version-history":[{"count":10,"href":"https:\/\/www.mascomtal.com\/es\/wp-json\/wp\/v2\/pages\/16733\/revisions"}],"predecessor-version":[{"id":18022,"href":"https:\/\/www.mascomtal.com\/es\/wp-json\/wp\/v2\/pages\/16733\/revisions\/18022"}],"wp:attachment":[{"href":"https:\/\/www.mascomtal.com\/es\/wp-json\/wp\/v2\/media?parent=16733"}],"wp:term":[{"taxonomy":"dipi_cpt_category","embeddable":true,"href":"https:\/\/www.mascomtal.com\/es\/wp-json\/wp\/v2\/dipi_cpt_category?post=16733"}],"curies":[{"name":"wp","href":"https:\/\/api.w.org\/{rel}","templated":true}]}}