{"id":16829,"date":"2024-08-26T13:27:48","date_gmt":"2024-08-26T11:27:48","guid":{"rendered":"https:\/\/www.mascomtal.com\/politica-de-privacidad\/"},"modified":"2025-06-26T09:08:21","modified_gmt":"2025-06-26T07:08:21","slug":"politica-de-privacidad","status":"publish","type":"page","link":"https:\/\/www.mascomtal.com\/es\/politica-de-privacidad\/","title":{"rendered":"Pol\u00edtica de privacidad"},"content":{"rendered":"\n<h2 class=\"wp-block-heading\">1. Informaci\u00f3n para el usuario<\/h2>\n\n<p><strong>\u00bfQui\u00e9n es el responsable del tratamiento de tus datos personales?<\/strong><br\/>Albert Mila Mallofre es el RESPONSABLE del tratamiento de los datos personales del USUARIO y le informa que estos datos se tratar\u00e1n de conformidad con lo dispuesto en el Reglamento (UE) 2016\/679, de 27 de abril (GDPR), y la Ley Org\u00e1nica 3\/2018, de 5 de diciembre (LOPDGDD).<\/p>\n\n<p><strong>\u00bfPor qu\u00e9 tratamos tus datos personales?<\/strong><\/p>\n\n<ul class=\"wp-block-list\">\n<li>Remisi\u00f3n de comunicaciones comerciales publicitarias por e-mail, fax, SMS, MMS, redes sociales o cualquier otro medio electr\u00f3nico o f\u00edsico, presente o futuro, que permita efectuar comunicaciones comerciales. Estas comunicaciones se realizar\u00e1n por medio del RESPONSABLE y estar\u00e1n relacionadas con sus productos y servicios, o con sus colaboradores o proveedores, con los cuales haya llegado a alg\u00fan acuerdo de promoci\u00f3n. En este caso, los terceros nunca tendr\u00e1n acceso a los datos personales.  <\/li>\n\n\n\n<li>Efectuar estudios de mercado y an\u00e1lisis estad\u00edsticos.<\/li>\n\n\n\n<li>Tramitar encargos de peticiones, dar respuesta a las consultas o cualquier tipo de petici\u00f3n que realice el USUARIO a trav\u00e9s de cualquiera de las formas de contacto que se ponen a su disposici\u00f3n en la p\u00e1gina web del RESPONSABLE.<\/li>\n\n\n\n<li>Enviar el bolet\u00edn informativo online, sobre novedades, ofertas y promociones en nuestra actividad.<\/li>\n<\/ul>\n\n<p><strong>\u00bfPor qu\u00e9 motivo podemos tratar tus datos personales?<\/strong><br\/>Porque el tratamiento est\u00e1 legitimado por el art\u00edculo 6 del GDPR de la siguiente manera:<\/p>\n\n<ul class=\"wp-block-list\">\n<li>Con el consentimiento del USUARIO: env\u00edo de comunicaciones comerciales y del bolet\u00edn informativo.<\/li>\n\n\n\n<li>Por inter\u00e9s leg\u00edtimo del RESPONSABLE: efectuar estudios de mercado, an\u00e1lisis estad\u00edsticos, etc. y tramitar encargos, solicitudes, etc. a petici\u00f3n del USUARIO.<\/li>\n<\/ul>\n\n<p><strong>\u00bfDurante cu\u00e1nto tiempo guardaremos tus datos personales?<\/strong><br\/>Se conservar\u00e1n durante no m\u00e1s tiempo del necesario para mantener la finalidad del tratamiento o mientras existan prescripciones legales que dictaminen su custodia y, cuando ya no sea necesario para ello, se suprimir\u00e1n con medidas de seguridad adecuadas para garantizar la anonimizaci\u00f3n de los datos o su destrucci\u00f3n total.<\/p>\n\n<p><strong>\u00bfA qui\u00e9n facilitamos tus datos personales?<\/strong><br\/>No est\u00e1 prevista ninguna comunicaci\u00f3n de datos personales a terceros excepto, si fuera necesario para el desarrollo y ejecuci\u00f3n de las finalidades del tratamiento, a nuestros proveedores de servicios relacionados con comunicaciones, con los cuales el RESPONSABLE ha formalizado los contratos de confidencialidad y de encargado de tratamiento exigidos por la normativa vigente de privacidad.<\/p>\n\n<p><strong>\u00bfCu\u00e1les son tus derechos?<\/strong><\/p>\n\n<ul class=\"wp-block-list\">\n<li>Derecho a retirar el consentimiento en cualquier momento.<\/li>\n\n\n\n<li>Derecho de acceso, rectificaci\u00f3n, portabilidad y supresi\u00f3n de sus datos y de limitaci\u00f3n u oposici\u00f3n a su tratamiento.<\/li>\n\n\n\n<li>Derecho a presentar una reclamaci\u00f3n ante la autoridad de control (<a href=\"https:\/\/www.aepd.es\/\" target=\"_blank\" rel=\"noreferrer noopener\">www.aepd.es<\/a>) si considera que el tratamiento no se ajusta a la normativa vigente.<\/li>\n<\/ul>\n\n<p>Datos de contacto para ejercer sus derechos:<br\/>Albert Mila Mallofre<br\/>Mas Comtal, 1, 08793, Avinyonet del Pened\u00e8s, Barcelona<br\/><a href=\"mailto:mascomtal@mascomtal.com\" target=\"_blank\" rel=\"noreferrer noopener\">mascomtal@mascomtal.com<\/a><\/p>\n\n<h2 class=\"wp-block-heading\">2. Car\u00e1cter obligatorio o facultativo de la informaci\u00f3n facilitada por el usuario<\/h2>\n\n<p>Los USUARIOS, por medio de las casillas correspondientes y la introducci\u00f3n de datos en los campos, marcados con el asterisco (*) en el formulario de contacto o presentados en formularios de descarga, aceptan expresamente y de manera libre e inequ\u00edvoca, que sus datos son necesarios para la atenci\u00f3n de su petici\u00f3n, por parte del prestador, y que, por lo tanto, la inclusi\u00f3n de los datos en los campos restantes es voluntaria. El USUARIO garantiza que los datos personales facilitados al RESPONSABLE son ver\u00eddicos y se hace responsable de comunicar cualquier modificaci\u00f3n. <\/p>\n\n<p>El RESPONSABLE informa que todos los datos solicitados a trav\u00e9s del sitio web son obligatorios, ya que son necesarios para la prestaci\u00f3n de un servicio \u00f3ptimo al USUARIO. En caso de que no se faciliten todos los datos, no se garantiza que la informaci\u00f3n y servicios facilitados se ajusten completamente a sus necesidades. <\/p>\n\n<h2 class=\"wp-block-heading\">3. Medidas de seguridad<\/h2>\n\n<p>Que, de conformidad con lo establecido en las normativas vigentes en protecci\u00f3n de datos personales, el RESPONSABLE est\u00e1 cumpliendo con todas las disposiciones de las normativas GDPR y LOPDGDD para el tratamiento de los datos personales de su responsabilidad, y manifiestamente con los principios descritos en el art\u00edculo 5 del GDPR, por los cuales se tratan de manera l\u00edcita, leal y transparente en relaci\u00f3n con el interesado y adecuadas, pertinentes y limitadas a lo necesario en relaci\u00f3n con las finalidades para las que se tratan.<\/p>\n\n<p>El RESPONSABLE garantiza que ha implementado pol\u00edticas t\u00e9cnicas y organizativas apropiadas para aplicar las medidas de seguridad que establecen el GDPR y la LOPDGDD con el fin de proteger los derechos y libertades de los USUARIOS y les ha comunicado la informaci\u00f3n adecuada para que puedan ejercerlos.<\/p>\n\n<p>Para m\u00e1s informaci\u00f3n sobre las garant\u00edas de privacidad, puede dirigirse al RESPONSABLE a trav\u00e9s de Albert Mila Mallofre, Mas Comtal 1, 08793 Avinyonet del Pened\u00e8s, Barcelona.<\/p>\n","protected":false},"excerpt":{"rendered":"<p>1. Informaci\u00f3n para el usuario \u00bfQui\u00e9n es el responsable del tratamiento de tus datos personales?Albert Mila Mallofre es el RESPONSABLE del tratamiento de los datos personales del USUARIO y le informa que estos datos se tratar\u00e1n de conformidad con lo dispuesto en el Reglamento (UE) 2016\/679, de 27 de abril (GDPR), y la Ley Org\u00e1nica [&hellip;]<\/p>\n","protected":false},"author":2,"featured_media":0,"parent":0,"menu_order":0,"comment_status":"closed","ping_status":"closed","template":"","meta":{"_acf_changed":false,"_et_pb_use_builder":"off","_et_pb_old_content":"","_et_gb_content_width":"","footnotes":""},"dipi_cpt_category":[],"class_list":["post-16829","page","type-page","status-publish","hentry"],"acf":[],"_links":{"self":[{"href":"https:\/\/www.mascomtal.com\/es\/wp-json\/wp\/v2\/pages\/16829","targetHints":{"allow":["GET"]}}],"collection":[{"href":"https:\/\/www.mascomtal.com\/es\/wp-json\/wp\/v2\/pages"}],"about":[{"href":"https:\/\/www.mascomtal.com\/es\/wp-json\/wp\/v2\/types\/page"}],"author":[{"embeddable":true,"href":"https:\/\/www.mascomtal.com\/es\/wp-json\/wp\/v2\/users\/2"}],"replies":[{"embeddable":true,"href":"https:\/\/www.mascomtal.com\/es\/wp-json\/wp\/v2\/comments?post=16829"}],"version-history":[{"count":1,"href":"https:\/\/www.mascomtal.com\/es\/wp-json\/wp\/v2\/pages\/16829\/revisions"}],"predecessor-version":[{"id":16830,"href":"https:\/\/www.mascomtal.com\/es\/wp-json\/wp\/v2\/pages\/16829\/revisions\/16830"}],"wp:attachment":[{"href":"https:\/\/www.mascomtal.com\/es\/wp-json\/wp\/v2\/media?parent=16829"}],"wp:term":[{"taxonomy":"dipi_cpt_category","embeddable":true,"href":"https:\/\/www.mascomtal.com\/es\/wp-json\/wp\/v2\/dipi_cpt_category?post=16829"}],"curies":[{"name":"wp","href":"https:\/\/api.w.org\/{rel}","templated":true}]}}