{"id":17712,"date":"2025-07-02T11:45:46","date_gmt":"2025-07-02T09:45:46","guid":{"rendered":"https:\/\/www.mascomtal.com\/winebar\/"},"modified":"2025-12-10T09:32:44","modified_gmt":"2025-12-10T08:32:44","slug":"winebar","status":"publish","type":"page","link":"https:\/\/www.mascomtal.com\/es\/winebar\/","title":{"rendered":"Winebar"},"content":{"rendered":"<p>[et_pb_section fb_built=&#8221;1&#8243; _builder_version=&#8221;4.27.4&#8243; _module_preset=&#8221;default&#8221; custom_padding=&#8221;0px||0px||false|false&#8221; global_colors_info=&#8221;{}&#8221;][et_pb_row column_structure=&#8221;2_5,3_5&#8243; admin_label=&#8221;Row&#8221; _builder_version=&#8221;4.27.4&#8243; _module_preset=&#8221;default&#8221; width=&#8221;100%&#8221; width_last_edited=&#8221;off|tablet&#8221; max_width=&#8221;100%&#8221; custom_padding=&#8221;0px||0px||false|false&#8221; global_colors_info=&#8221;{}&#8221;][et_pb_column type=&#8221;2_5&#8243; _builder_version=&#8221;4.27.0&#8243; _module_preset=&#8221;default&#8221; global_colors_info=&#8221;{}&#8221;][et_pb_image src=&#8221;https:\/\/www.mascomtal.com\/wp-content\/uploads\/2025\/07\/winebar-jardi-taula-mas-comtal.jpg&#8221; alt=&#8221;Espacio Winebar Mas Comtal&#8221; title_text=&#8221;winebar-jardin-mesa-mas-comtal&#8221; force_fullwidth=&#8221;on&#8221; module_class=&#8221;img-winebar&#8221; _builder_version=&#8221;4.27.4&#8243; _module_preset=&#8221;default&#8221; global_colors_info=&#8221;{}&#8221;][\/et_pb_image][\/et_pb_column][et_pb_column type=&#8221;3_5&#8243; _builder_version=&#8221;4.27.0&#8243; _module_preset=&#8221;default&#8221; global_colors_info=&#8221;{}&#8221;][\/et_pb_column][\/et_pb_row][et_pb_row column_structure=&#8221;2_5,3_5&#8243; _builder_version=&#8221;4.27.4&#8243; _module_preset=&#8221;default&#8221; positioning=&#8221;absolute&#8221; position_origin_a=&#8221;center_center&#8221; z_index=&#8221;10&#8243; position_origin_a_tablet=&#8221;center_center&#8221; position_origin_a_phone=&#8221;center_center&#8221; position_origin_a_last_edited=&#8221;on|desktop&#8221; position_origin_f_tablet=&#8221;&#8221; position_origin_f_phone=&#8221;&#8221; position_origin_f_last_edited=&#8221;on|desktop&#8221; position_origin_r_tablet=&#8221;&#8221; position_origin_r_phone=&#8221;&#8221; position_origin_r_last_edited=&#8221;on|desktop&#8221; positioning_tablet=&#8221;relative&#8221; positioning_phone=&#8221;relative&#8221; positioning_last_edited=&#8221;on|tablet&#8221; global_colors_info=&#8221;{}&#8221;][et_pb_column type=&#8221;2_5&#8243; admin_label=&#8221;Column&#8221; _builder_version=&#8221;4.27.4&#8243; _module_preset=&#8221;default&#8221; global_colors_info=&#8221;{}&#8221;][\/et_pb_column][et_pb_column type=&#8221;3_5&#8243; _builder_version=&#8221;4.27.0&#8243; _module_preset=&#8221;default&#8221; global_colors_info=&#8221;{}&#8221;][et_pb_cta _builder_version=&#8221;4.27.4&#8243; _module_preset=&#8221;3f624a3c-b9f0-4052-a952-bbce7c398891&#8243; text_orientation=&#8221;left&#8221; global_colors_info=&#8221;{}&#8221;]<\/p>\n<h1>Disfrute de nuestro <strong>Wine Bar<\/strong><\/h1>\n<p>Situado en los <strong>jardines<\/strong> de nuestra Casa Pairal, el <em>Wine Bar<\/em> es un espacio de tradici\u00f3n y tranquilidad con el encanto de las mas\u00edas catalanas donde tendr\u00e1s la oportunidad de disfrutar de nuestros vinos en un entorno que respira historia y autenticidad.<\/p>\n<p>[\/et_pb_cta][et_pb_image src=&#8221;https:\/\/www.mascomtal.com\/wp-content\/uploads\/2025\/12\/petfriendly-inline.svg&#8221; _builder_version=&#8221;4.27.4&#8243; _module_preset=&#8221;default&#8221; alt=&#8221;El Wine Bar de Mas Comtal es Pet Friendly&#8221; title_text=&#8221;El Wine Bar de Mas Comtal es Pet Friendly&#8221; width=&#8221;200px&#8221; hover_enabled=&#8221;0&#8243; sticky_enabled=&#8221;0&#8243;][\/et_pb_image][et_pb_text _builder_version=&#8221;4.27.4&#8243; _module_preset=&#8221;default&#8221; global_colors_info=&#8221;{}&#8221;]<\/p>\n<h2>Adaptados a cada temporada<\/h2>\n<p>Los horarios del <em>Wine Bar<\/em> pueden variar seg\u00fan la \u00e9poca del a\u00f1o. Por este motivo, recomendamos que nos consultes previamente al <a href=\"tel:93%20897%2000%2052\">93 897 00 52<\/a> o a trav\u00e9s del correo electr\u00f3nico <a href=\"mailto:visites@mascomtal.com\">visites@mascomtal.com.<\/a><\/p>\n<p>Tambi\u00e9n puedes seguirnos en nuestro Instagram para conocer posibles cambios de horario y novedades.<\/p>\n<p>[\/et_pb_text][et_pb_button button_url=&#8221;https:\/\/www.instagram.com\/mascomtal\/&#8221; button_text=&#8221;Consulta Instagram&#8221; _builder_version=&#8221;4.27.4&#8243; _module_preset=&#8221;default&#8221; global_colors_info=&#8221;{}&#8221;][\/et_pb_button][\/et_pb_column][\/et_pb_row][\/et_pb_section][et_pb_section fb_built=&#8221;1&#8243; _builder_version=&#8221;4.27.4&#8243; _module_preset=&#8221;default&#8221; custom_padding=&#8221;0px||0px||false|false&#8221; global_colors_info=&#8221;{}&#8221;][et_pb_row column_structure=&#8221;3_5,2_5&#8243; admin_label=&#8221;Row&#8221; _builder_version=&#8221;4.27.4&#8243; _module_preset=&#8221;default&#8221; width=&#8221;100%&#8221; width_last_edited=&#8221;off|tablet&#8221; max_width=&#8221;100%&#8221; custom_padding=&#8221;0px||0px||false|false&#8221; global_colors_info=&#8221;{}&#8221;][et_pb_column type=&#8221;3_5&#8243; _builder_version=&#8221;4.27.0&#8243; _module_preset=&#8221;default&#8221; global_colors_info=&#8221;{}&#8221;][\/et_pb_column][et_pb_column type=&#8221;2_5&#8243; _builder_version=&#8221;4.27.0&#8243; _module_preset=&#8221;default&#8221; global_colors_info=&#8221;{}&#8221;][et_pb_image src=&#8221;https:\/\/www.mascomtal.com\/wp-content\/uploads\/2025\/07\/winebar-jardi-animals-mas-comtal.jpg&#8221; alt=&#8221;Espacio Winebar Mas Comtal&#8221; title_text=&#8221;winebar-jardin-animales-mas-comtal&#8221; force_fullwidth=&#8221;on&#8221; module_class=&#8221;img-winebar&#8221; _builder_version=&#8221;4.27.4&#8243; _module_preset=&#8221;default&#8221; global_colors_info=&#8221;{}&#8221;][\/et_pb_image][\/et_pb_column][\/et_pb_row][et_pb_row column_structure=&#8221;3_5,2_5&#8243; _builder_version=&#8221;4.27.4&#8243; _module_preset=&#8221;default&#8221; positioning=&#8221;absolute&#8221; position_origin_a=&#8221;center_center&#8221; z_index=&#8221;10&#8243; position_origin_a_tablet=&#8221;center_center&#8221; position_origin_a_phone=&#8221;center_center&#8221; position_origin_a_last_edited=&#8221;on|desktop&#8221; position_origin_f_tablet=&#8221;&#8221; position_origin_f_phone=&#8221;&#8221; position_origin_f_last_edited=&#8221;on|desktop&#8221; position_origin_r_tablet=&#8221;&#8221; position_origin_r_phone=&#8221;&#8221; position_origin_r_last_edited=&#8221;on|desktop&#8221; positioning_tablet=&#8221;relative&#8221; positioning_phone=&#8221;relative&#8221; positioning_last_edited=&#8221;on|tablet&#8221; global_colors_info=&#8221;{}&#8221;][et_pb_column type=&#8221;3_5&#8243; _builder_version=&#8221;4.27.0&#8243; _module_preset=&#8221;default&#8221; global_colors_info=&#8221;{}&#8221;][et_pb_text _builder_version=&#8221;4.27.4&#8243; _module_preset=&#8221;default&#8221; global_colors_info=&#8221;{}&#8221;]<\/p>\n<h2>En caso de mal tiempo<\/h2>\n<p>Cuando las condiciones meteorol\u00f3gicas no sean favorables, el servicio se trasladar\u00e1 a la Recepci\u00f3n de la Casa Pairal.<\/p>\n<p>Este espacio, aunque acogedor y lleno de historia, dispone de aforo limitado.<\/p>\n<p>Por este motivo, te rogamos que contactes con nosotros en el <a href=\"tel:+34606776112\">+34 606 77 61 12<\/a> para formalizar tu reserva (en caso de mal tiempo).<\/p>\n<p>[\/et_pb_text][et_pb_text _builder_version=&#8221;4.27.4&#8243; _module_preset=&#8221;default&#8221; global_colors_info=&#8221;{}&#8221;]<\/p>\n<h2>Cenas al aire libre, Julio y Agosto<\/h2>\n<p>Durante los meses de julio y agosto, el <em>Wine Bar<\/em> se convierte en el <strong>Patio Gastron\u00f3mico<\/strong>, un espacio singular que combina la degustaci\u00f3n de nuestros vinos con una propuesta gastron\u00f3mica inspirada en las cenas tradicionales de verano en el Pened\u00e8s: CENAS AL AIRE LIBRE.<\/p>\n<p>[\/et_pb_text][\/et_pb_column][et_pb_column type=&#8221;2_5&#8243; admin_label=&#8221;Column&#8221; _builder_version=&#8221;4.27.4&#8243; _module_preset=&#8221;default&#8221; global_colors_info=&#8221;{}&#8221;][\/et_pb_column][\/et_pb_row][\/et_pb_section][et_pb_section fb_built=&#8221;1&#8243; admin_label=&#8221;Section&#8221; _builder_version=&#8221;4.27.0&#8243; _module_preset=&#8221;default&#8221; background_color=&#8221;#46423E&#8221; global_colors_info=&#8221;{}&#8221;][et_pb_row column_structure=&#8221;1_3,2_3&#8243; _builder_version=&#8221;4.27.4&#8243; _module_preset=&#8221;default&#8221; max_width=&#8221;900px&#8221; locked=&#8221;off&#8221; global_colors_info=&#8221;{}&#8221;][et_pb_column type=&#8221;1_3&#8243; _builder_version=&#8221;4.27.0&#8243; _module_preset=&#8221;default&#8221; global_colors_info=&#8221;{}&#8221;][et_pb_image src=&#8221;https:\/\/www.mascomtal.com\/wp-content\/uploads\/2025\/07\/pati-gastronomic-mas-comtal.png&#8221; title_text=&#8221;patio-gastronomico-mas-comtal&#8221; _builder_version=&#8221;4.27.4&#8243; _module_preset=&#8221;default&#8221; max_height=&#8221;275px&#8221; global_colors_info=&#8221;{}&#8221;][\/et_pb_image][\/et_pb_column][et_pb_column type=&#8221;2_3&#8243; _builder_version=&#8221;4.27.0&#8243; _module_preset=&#8221;default&#8221; global_colors_info=&#8221;{}&#8221;][et_pb_cta _builder_version=&#8221;4.27.4&#8243; _module_preset=&#8221;7af02c52-6cfb-4cc2-a8f4-8654b976e0d9&#8243; background_layout=&#8221;dark&#8221; custom_padding=&#8221;38px|||||&#8221; global_colors_info=&#8221;{}&#8221;]<\/p>\n<h2>Reserva<br \/>y m\u00e1s informaci\u00f3n<\/h2>\n<p>Para gestionar tu reserva o solicitar m\u00e1s informaci\u00f3n, no dudes en contactarnos al<a href=\"tel:+34938970052\"> 93 897 00 52<\/a> o a trav\u00e9s del correo electr\u00f3nico <a href=\"mailto:visites@mascomtal.com\">visites@mascomtal.com.<\/a><\/p>\n<p>[\/et_pb_cta][\/et_pb_column][\/et_pb_row][\/et_pb_section][et_pb_section fb_built=&#8221;1&#8243; _builder_version=&#8221;4.27.4&#8243; _module_preset=&#8221;default&#8221; background_image=&#8221;https:\/\/www.mascomtal.com\/wp-content\/uploads\/2025\/07\/winebar-espai-reunions-vi-mas-comtal.jpg&#8221; custom_padding=&#8221;300px||||false|false&#8221; global_colors_info=&#8221;{}&#8221;][et_pb_row _builder_version=&#8221;4.27.4&#8243; _module_preset=&#8221;default&#8221; global_colors_info=&#8221;{}&#8221;][et_pb_column type=&#8221;4_4&#8243; _builder_version=&#8221;4.27.4&#8243; _module_preset=&#8221;default&#8221; global_colors_info=&#8221;{}&#8221;][\/et_pb_column][\/et_pb_row][\/et_pb_section]<\/p>\n","protected":false},"excerpt":{"rendered":"<p>Disfrute de nuestro Wine Bar Situado en los jardines de nuestra Casa Pairal, el Wine Bar es un espacio de tradici\u00f3n y tranquilidad con el encanto de las mas\u00edas catalanas donde tendr\u00e1s la oportunidad de disfrutar de nuestros vinos en un entorno que respira historia y autenticidad.Adaptados a cada temporada Los horarios del Wine Bar [&hellip;]<\/p>\n","protected":false},"author":2,"featured_media":0,"parent":0,"menu_order":0,"comment_status":"closed","ping_status":"closed","template":"","meta":{"_acf_changed":false,"_et_pb_use_builder":"on","_et_pb_old_content":"","_et_gb_content_width":"","footnotes":""},"dipi_cpt_category":[],"class_list":["post-17712","page","type-page","status-publish","hentry"],"acf":[],"_links":{"self":[{"href":"https:\/\/www.mascomtal.com\/es\/wp-json\/wp\/v2\/pages\/17712","targetHints":{"allow":["GET"]}}],"collection":[{"href":"https:\/\/www.mascomtal.com\/es\/wp-json\/wp\/v2\/pages"}],"about":[{"href":"https:\/\/www.mascomtal.com\/es\/wp-json\/wp\/v2\/types\/page"}],"author":[{"embeddable":true,"href":"https:\/\/www.mascomtal.com\/es\/wp-json\/wp\/v2\/users\/2"}],"replies":[{"embeddable":true,"href":"https:\/\/www.mascomtal.com\/es\/wp-json\/wp\/v2\/comments?post=17712"}],"version-history":[{"count":6,"href":"https:\/\/www.mascomtal.com\/es\/wp-json\/wp\/v2\/pages\/17712\/revisions"}],"predecessor-version":[{"id":22053,"href":"https:\/\/www.mascomtal.com\/es\/wp-json\/wp\/v2\/pages\/17712\/revisions\/22053"}],"wp:attachment":[{"href":"https:\/\/www.mascomtal.com\/es\/wp-json\/wp\/v2\/media?parent=17712"}],"wp:term":[{"taxonomy":"dipi_cpt_category","embeddable":true,"href":"https:\/\/www.mascomtal.com\/es\/wp-json\/wp\/v2\/dipi_cpt_category?post=17712"}],"curies":[{"name":"wp","href":"https:\/\/api.w.org\/{rel}","templated":true}]}}