{"id":12778,"date":"2023-06-29T12:01:27","date_gmt":"2023-06-29T10:01:27","guid":{"rendered":"https:\/\/www.mascomtal.com\/botiga-online\/lote-especial-bombolles\/"},"modified":"2025-06-26T10:43:28","modified_gmt":"2025-06-26T08:43:28","slug":"lote-especial-burbujas","status":"publish","type":"product","link":"https:\/\/www.mascomtal.com\/es\/producto\/lote-especial-burbujas\/","title":{"rendered":"Lote especial #Burbujas"},"content":{"rendered":"<p><strong>2 botellas Joan Mil\u00e0 Brut Nature 2021<\/strong><br \/>\nEspumoso de m\u00e9todo tradicional, 100% Xarel\u00b7lo de las vi\u00f1as m\u00e1s viejas de la finca (de entre 60 y 80 a\u00f1os) fermentado parcialmente en barrica.<\/p>\n<p>Un espumoso elegante y gastron\u00f3mico, en reconocimiento a Joan Mil\u00e0 un genio creativo en la elaboraci\u00f3n de vinos con personalidad y de calidad.<\/p>\n<p><strong>2 botellas Mas Comtal Brut Reserva<\/strong><br \/>\nEspumoso de m\u00e9todo tradicional de 100% Xarel\u00b7lo de las vi\u00f1as m\u00e1s viejas de la finca (de entre 60 y 80 a\u00f1os)<\/p>\n<p>Un espumoso fresco y vers\u00e1til que nos permite disfrutarlo ampliamente.<\/p>\n<p><strong>2 botellas Gran Angular Ancestral<\/strong><br \/>\nEspumoso de m\u00e9todo Ancestral elaborado con Incrocio Manzoni.<\/p>\n<p>Este m\u00e9todo requiere el embotellado del mosto en una fase avanzada de la fermentaci\u00f3n para que las levaduras remanentes en el mosto la finalicen en la botella con los nutrientes presentes en el mosto. Preserv\u00e1ndose as\u00ed al m\u00e1ximo las caracter\u00edsticas de la variedad, es un espumoso con una burbuja verdaderamente sinuosa y poco agresiva. <\/p>\n","protected":false},"excerpt":{"rendered":"<p>Lote especial #burbujas<br \/>\n2 botellas Joan Mil\u00e0 Brut Nature<br \/>\n2 botellas Mas Comtal Brut Reserva<br \/>\n2 botellas Gran Angular Ancestral<\/p>\n","protected":false},"featured_media":18411,"comment_status":"open","ping_status":"closed","template":"","meta":{"_acf_changed":false,"_et_pb_use_builder":"","_et_pb_old_content":"","_et_gb_content_width":""},"product_brand":[],"product_cat":[72,69,75],"product_tag":[],"class_list":{"0":"post-12778","1":"product","2":"type-product","3":"status-publish","4":"has-post-thumbnail","6":"product_cat-lotes-de-vinos","7":"product_cat-classic-penedes-vino-espumoso-cava","8":"product_cat-gran-angular-es","10":"first","11":"instock","12":"sale","13":"taxable","14":"shipping-taxable","15":"purchasable","16":"product-type-simple"},"group_of_quantity":0,"min_quantity":0,"max_quantity":"","exclude_order_quantity_value_rules":"no","exclude_category_quantity_rules":"no","combine_variations":"no","acf":[],"_links":{"self":[{"href":"https:\/\/www.mascomtal.com\/es\/wp-json\/wp\/v2\/product\/12778","targetHints":{"allow":["GET"]}}],"collection":[{"href":"https:\/\/www.mascomtal.com\/es\/wp-json\/wp\/v2\/product"}],"about":[{"href":"https:\/\/www.mascomtal.com\/es\/wp-json\/wp\/v2\/types\/product"}],"replies":[{"embeddable":true,"href":"https:\/\/www.mascomtal.com\/es\/wp-json\/wp\/v2\/comments?post=12778"}],"wp:featuredmedia":[{"embeddable":true,"href":"https:\/\/www.mascomtal.com\/es\/wp-json\/wp\/v2\/media\/18411"}],"wp:attachment":[{"href":"https:\/\/www.mascomtal.com\/es\/wp-json\/wp\/v2\/media?parent=12778"}],"wp:term":[{"taxonomy":"product_brand","embeddable":true,"href":"https:\/\/www.mascomtal.com\/es\/wp-json\/wp\/v2\/product_brand?post=12778"},{"taxonomy":"product_cat","embeddable":true,"href":"https:\/\/www.mascomtal.com\/es\/wp-json\/wp\/v2\/product_cat?post=12778"},{"taxonomy":"product_tag","embeddable":true,"href":"https:\/\/www.mascomtal.com\/es\/wp-json\/wp\/v2\/product_tag?post=12778"}],"curies":[{"name":"wp","href":"https:\/\/api.w.org\/{rel}","templated":true}]}}