{"id":16606,"date":"2025-06-16T10:03:28","date_gmt":"2025-06-16T08:03:28","guid":{"rendered":"https:\/\/www.mascomtal.com\/botiga-online\/catando-el-pasado\/"},"modified":"2026-03-13T09:54:32","modified_gmt":"2026-03-13T08:54:32","slug":"catando-el-pasado","status":"publish","type":"product","link":"https:\/\/www.mascomtal.com\/es\/producto\/catando-el-pasado\/","title":{"rendered":"Catando el Pasado, Disfrutando el Presente"},"content":{"rendered":"<h3><strong>Benvenida<\/strong><\/h3>\n<p>Iniciamos la experiencia de la mano de un miembro de la familia Mil\u00e0 y con una copa de espumoso. Os impregnar\u00e1 en la historia de nuestra bodega y del emocionante universo del vino en el Pened\u00e8s. <\/p>\n<h3><strong>Paseo por los vi\u00f1edos<\/strong><\/h3>\n<p>Disfruta de un recorrido entre las cepas, donde descubrir\u00e1s el origen de nuestra uva, la conexi\u00f3n \u00fanica con el terroir y la viticultura ecol\u00f3gica.<\/p>\n<h3><strong>Cata guiada<\/strong><\/h3>\n<p>Ad\u00e9ntrate en la experiencia de probar una selecci\u00f3n 3 de nuestros vinos m\u00e1s destacados, acompa\u00f1ado de una peque\u00f1a cata de productos de km0<\/p>\n<h3><strong>Tiempo Libre<\/strong><\/h3>\n<p>Rel\u00e1jate y disfruta del entorno. Pregunta cualquier duda que tengas e impregn\u00e1te de la atm\u00f3sfera \u00fanica de MAS COMTAL <\/p>\n<p><em>(*) Existe la posibilidad de incrementar el n\u00famero de vinos de la cata abonando el coste de la botella.<\/em><\/p>\n","protected":false},"excerpt":{"rendered":"<p><strong>Ven a disfrutar del mundo del vino en un ambiente totalmente familiar y rodeado de un paisaje espectacular.<\/strong><\/p>\n<p>Nos encantar\u00e1 explicarte la historia milenaria de nuestra bodega, el origen geol\u00f3gico de nuestro territorio y su evoluci\u00f3n hist\u00f3rica para entender mejor el Pened\u00e8s vitivin\u00edcola actual.<\/p>\n<p>Te haremos part\u00edcipe de nuestra particular historia como viticultores y elaboradores de vino desde 1355.<\/p>\n<p>Tendr\u00e1s la oportunidad de pasear por nuestros vi\u00f1edos de cultivo ecol\u00f3gico, desde donde podremos disfrutar de una de las vistas m\u00e1s espectaculares del Pened\u00e8s con la emblem\u00e1tica monta\u00f1a de Montserrat en el horizonte.<\/p>\n<p>Redondeando la experiencia con la cata comentada de los tres vinos m\u00e1s representativos que elaboramos exclusivamente con uvas de nuestra propia finca.<\/p>\n","protected":false},"featured_media":17205,"comment_status":"open","ping_status":"closed","template":"","meta":{"_acf_changed":false,"_et_pb_use_builder":"off","_et_pb_old_content":"<h3><strong>Benvenida<\/strong><\/h3>\nIniciamos la experiencia de la mano de un miembro de la familia Mil\u00e0 y con una copa de espumoso. Os impregnar\u00e1 en la historia de nuestra bodega y del emocionante universo del vino en el Pened\u00e8s. \n<h3><strong>Paseo por los vi\u00f1edos<\/strong><\/h3>\nDisfruta de un recorrido entre las cepas, donde descubrir\u00e1s el origen de nuestra uva, la conexi\u00f3n \u00fanica con el terroir y la viticultura ecol\u00f3gica.\n<h3><strong>Cata guiada<\/strong><\/h3>\nAd\u00e9ntrate en la experiencia de probar una selecci\u00f3n 3 de nuestros vinos m\u00e1s destacados, acompa\u00f1ado de una peque\u00f1a cata de productos de km0\n<h3><strong>Tiempo Libre<\/strong><\/h3>\nRel\u00e1jate y disfruta del entorno. Pregunta cualquier duda que tengas e impregn\u00e1te de la atm\u00f3sfera \u00fanica de MAS COMTAL \n\n<em>(*) Existe la posibilidad de incrementar el n\u00famero de vinos de la cata abonando el coste de la botella.<\/em>","_et_gb_content_width":""},"product_brand":[],"product_cat":[81],"product_tag":[],"class_list":{"0":"post-16606","1":"product","2":"type-product","3":"status-publish","4":"has-post-thumbnail","6":"product_cat-enoturismo","8":"first","9":"instock","10":"virtual","11":"sold-individually","12":"taxable","13":"purchasable","14":"product-type-booking"},"group_of_quantity":0,"min_quantity":0,"max_quantity":"","exclude_order_quantity_value_rules":"no","exclude_category_quantity_rules":"no","combine_variations":"no","acf":[],"_links":{"self":[{"href":"https:\/\/www.mascomtal.com\/es\/wp-json\/wp\/v2\/product\/16606","targetHints":{"allow":["GET"]}}],"collection":[{"href":"https:\/\/www.mascomtal.com\/es\/wp-json\/wp\/v2\/product"}],"about":[{"href":"https:\/\/www.mascomtal.com\/es\/wp-json\/wp\/v2\/types\/product"}],"replies":[{"embeddable":true,"href":"https:\/\/www.mascomtal.com\/es\/wp-json\/wp\/v2\/comments?post=16606"}],"wp:featuredmedia":[{"embeddable":true,"href":"https:\/\/www.mascomtal.com\/es\/wp-json\/wp\/v2\/media\/17205"}],"wp:attachment":[{"href":"https:\/\/www.mascomtal.com\/es\/wp-json\/wp\/v2\/media?parent=16606"}],"wp:term":[{"taxonomy":"product_brand","embeddable":true,"href":"https:\/\/www.mascomtal.com\/es\/wp-json\/wp\/v2\/product_brand?post=16606"},{"taxonomy":"product_cat","embeddable":true,"href":"https:\/\/www.mascomtal.com\/es\/wp-json\/wp\/v2\/product_cat?post=16606"},{"taxonomy":"product_tag","embeddable":true,"href":"https:\/\/www.mascomtal.com\/es\/wp-json\/wp\/v2\/product_tag?post=16606"}],"curies":[{"name":"wp","href":"https:\/\/api.w.org\/{rel}","templated":true}]}}