{"id":16923,"date":"2025-06-17T11:33:58","date_gmt":"2025-06-17T09:33:58","guid":{"rendered":"https:\/\/www.mascomtal.com\/botiga-online\/experiencia-eno-gastronomica\/"},"modified":"2026-03-13T10:26:00","modified_gmt":"2026-03-13T09:26:00","slug":"experiencia-eno-gastronomica","status":"publish","type":"product","link":"https:\/\/www.mascomtal.com\/es\/producto\/experiencia-eno-gastronomica\/","title":{"rendered":"Experiencia ENO-GASTRON\u00d3MICA"},"content":{"rendered":"<h3><strong>Visita Enotur\u00edstica<\/strong><br \/>\nExplorando nuestro Territorio Vitivin\u00edcola<\/h3>\n<p>Disfrutaremos del entorno en una visita informal, donde descubriremos los secretos de nuestros vi\u00f1edos y la pasi\u00f3n que ponemos en cada vendimia. Durante el recorrido conoceremos la historia de nuestra regi\u00f3n vin\u00edcola, las variedades de uva que cultivamos y por qu\u00e9 los vinos del Pened\u00e8s son como son. Todo ello mientras disfrutamos del paisaje y del aire fresco del Pened\u00e8s.  <\/p>\n<h3><strong>Cata<\/strong>: Descubre nuestros Vinos<\/h3>\n<p>Despu\u00e9s de la visita, os invitamos a disfrutar de una selecci\u00f3n de 2 de nuestros vinos m\u00e1s representativos. Descubre los aromas, sabores y matices que hacen \u00fanicos nuestros vinos y espumosos, muestra de la dedicaci\u00f3n y pasi\u00f3n que hay detr\u00e1s de cada botella. <\/p>\n<h3><strong>Brunch de pay\u00e9s<\/strong><\/h3>\n<p>Despu\u00e9s de la cata, os invitamos a continuar esta experiencia con nuestro brunch de campo, donde los productos aut\u00f3ctonos de nuestra regi\u00f3n ser\u00e1n los protagonistas. Inspirados en las comidas tradicionales de los payeses durante la vendimia, os ofreceremos una selecci\u00f3n de embutidos y quesos de productores locales, tortilla casera, ensalada de temporada o coca enramada seg\u00fan la temporada, selecci\u00f3n de panes artesanos, aceites, fruta fresca de temporada y dulces tradicionales de la regi\u00f3n.<\/p>\n<h3><strong>Maridaje<\/strong><\/h3>\n<ul>\n<li>Acompa\u00f1ando el Brunch tienes la oportunidad de disfrutar de 2 de nuestros vinos m\u00e1s emblem\u00e1ticos.<\/li>\n<li>Degustaci\u00f3n de vino dulce \u201c<a href=\"https:\/\/www.mascomtal.com\/es\/producto\/lyric\/\">Lyric<\/a>\u201d de nuestra bodega.<\/li>\n<\/ul>\n<p><em>(*) Existe la posibilidad de incrementar el n\u00famero de vinos de la cata abonando el coste de la botella.<\/em><\/p>\n","protected":false},"excerpt":{"rendered":"<h2>\u00a1La esencia del Pened\u00e8s!<\/h2>\n<p><em>Para los amantes del buen vivir y de la tradici\u00f3n. Ad\u00e9ntrate en el coraz\u00f3n del Pened\u00e8s en una experiencia vitivin\u00edcola completa con visita guiada y cata, que culmina con un Brunch <\/em><em>con la exquisitez de nuestros productos aut\u00f3ctonos.<\/em><\/p>\n","protected":false},"featured_media":17184,"comment_status":"open","ping_status":"closed","template":"","meta":{"_acf_changed":false,"_et_pb_use_builder":"","_et_pb_old_content":"","_et_gb_content_width":""},"product_brand":[],"product_cat":[81],"product_tag":[],"class_list":{"0":"post-16923","1":"product","2":"type-product","3":"status-publish","4":"has-post-thumbnail","6":"product_cat-enoturismo","8":"first","9":"instock","10":"virtual","11":"sold-individually","12":"taxable","13":"purchasable","14":"product-type-booking"},"group_of_quantity":0,"min_quantity":0,"max_quantity":"","exclude_order_quantity_value_rules":"no","exclude_category_quantity_rules":"no","combine_variations":"no","acf":[],"_links":{"self":[{"href":"https:\/\/www.mascomtal.com\/es\/wp-json\/wp\/v2\/product\/16923","targetHints":{"allow":["GET"]}}],"collection":[{"href":"https:\/\/www.mascomtal.com\/es\/wp-json\/wp\/v2\/product"}],"about":[{"href":"https:\/\/www.mascomtal.com\/es\/wp-json\/wp\/v2\/types\/product"}],"replies":[{"embeddable":true,"href":"https:\/\/www.mascomtal.com\/es\/wp-json\/wp\/v2\/comments?post=16923"}],"wp:featuredmedia":[{"embeddable":true,"href":"https:\/\/www.mascomtal.com\/es\/wp-json\/wp\/v2\/media\/17184"}],"wp:attachment":[{"href":"https:\/\/www.mascomtal.com\/es\/wp-json\/wp\/v2\/media?parent=16923"}],"wp:term":[{"taxonomy":"product_brand","embeddable":true,"href":"https:\/\/www.mascomtal.com\/es\/wp-json\/wp\/v2\/product_brand?post=16923"},{"taxonomy":"product_cat","embeddable":true,"href":"https:\/\/www.mascomtal.com\/es\/wp-json\/wp\/v2\/product_cat?post=16923"},{"taxonomy":"product_tag","embeddable":true,"href":"https:\/\/www.mascomtal.com\/es\/wp-json\/wp\/v2\/product_tag?post=16923"}],"curies":[{"name":"wp","href":"https:\/\/api.w.org\/{rel}","templated":true}]}}