{"id":16953,"date":"2025-06-17T11:15:35","date_gmt":"2025-06-17T09:15:35","guid":{"rendered":"https:\/\/www.mascomtal.com\/botiga-online\/brunch-mas-comtal\/"},"modified":"2026-03-13T10:23:37","modified_gmt":"2026-03-13T09:23:37","slug":"brunch-mas-comtal","status":"publish","type":"product","link":"https:\/\/www.mascomtal.com\/es\/producto\/brunch-mas-comtal\/","title":{"rendered":"Brunch Mas Comtal"},"content":{"rendered":"<h3><strong> Delicias de la Tierra Inspiradas en la Vendimia:<\/strong><\/h3>\n<ul>\n<li>Selecci\u00f3n de quesos artesanales de proximidad, perfectos para acompa\u00f1ar nuestros vinos.<\/li>\n<li>Selecci\u00f3n de embutidos artesanales de elaborador local, al estilo de los almuerzos en los vi\u00f1edos.<\/li>\n<li>Jamon Duroc no puede faltar para acompa\u00f1ar el &#8220;pa amb tom\u00e0quet&#8221;<\/li>\n<li>Variedad de panes artesanales de elaboradores locales, tomates y aceite, para disfrutar del pan con tomate como los vendimiadores durante los descansos.<\/li>\n<li>Ensalada de temporada o Coca enramada, seg\u00fan lo que encontremos en la huerta.<\/li>\n<li>Degustaci\u00f3n de tortilla de temporada casera, que revitalizaba a los trabajadores de la vendimia.<\/li>\n<li>Frutas de temporada, como las que se compart\u00edan entre las hileras de vi\u00f1edos durante la recolecci\u00f3n.<\/li>\n<li>Delicias artesanales y de tradici\u00f3n que variar\u00e1n seg\u00fan la temporada, el toque dulce para un d\u00eda de vendimia.<\/li>\n<\/ul>\n<h3><strong>Maridaje<\/strong><\/h3>\n<p>Acompa\u00f1ado de vinos de nuestra bodega, podr\u00e1s degustar<\/p>\n<ul>\n<li>Copa de espumoso MAS COMTAL de bienvenida.<\/li>\n<li>Selecci\u00f3n de vinos para maridar cada uno de los productos y elaboraciones<\/li>\n<li>Degustaci\u00f3n de vino dulce \u201cLyric\u201d de nuestra bodega.<\/li>\n<\/ul>\n<p>(*) Existe la posibilidad de incrementar el n\u00famero de vinos de la cata abonando el coste de la botella.<\/p>\n","protected":false},"excerpt":{"rendered":"<h2>Brunch tradicional de productos aut\u00f3ctonos, el sabor de nuestra tierra.<\/h2>\n<p>Podr\u00e0s degustar un brunch inspirado en los desayunos que antiguamente se realizaban en los d\u00edas de vendimia en la parcela. El esp\u00edritu de la vendimia se fusiona con las delicias de artesanos locales.<\/p>\n","protected":false},"featured_media":17166,"comment_status":"open","ping_status":"closed","template":"","meta":{"_acf_changed":false,"_et_pb_use_builder":"","_et_pb_old_content":"","_et_gb_content_width":""},"product_brand":[],"product_cat":[81],"product_tag":[],"class_list":{"0":"post-16953","1":"product","2":"type-product","3":"status-publish","4":"has-post-thumbnail","6":"product_cat-enoturismo","8":"first","9":"instock","10":"virtual","11":"sold-individually","12":"taxable","13":"purchasable","14":"product-type-booking"},"group_of_quantity":0,"min_quantity":0,"max_quantity":"","exclude_order_quantity_value_rules":"no","exclude_category_quantity_rules":"no","combine_variations":"no","acf":[],"_links":{"self":[{"href":"https:\/\/www.mascomtal.com\/es\/wp-json\/wp\/v2\/product\/16953","targetHints":{"allow":["GET"]}}],"collection":[{"href":"https:\/\/www.mascomtal.com\/es\/wp-json\/wp\/v2\/product"}],"about":[{"href":"https:\/\/www.mascomtal.com\/es\/wp-json\/wp\/v2\/types\/product"}],"replies":[{"embeddable":true,"href":"https:\/\/www.mascomtal.com\/es\/wp-json\/wp\/v2\/comments?post=16953"}],"wp:featuredmedia":[{"embeddable":true,"href":"https:\/\/www.mascomtal.com\/es\/wp-json\/wp\/v2\/media\/17166"}],"wp:attachment":[{"href":"https:\/\/www.mascomtal.com\/es\/wp-json\/wp\/v2\/media?parent=16953"}],"wp:term":[{"taxonomy":"product_brand","embeddable":true,"href":"https:\/\/www.mascomtal.com\/es\/wp-json\/wp\/v2\/product_brand?post=16953"},{"taxonomy":"product_cat","embeddable":true,"href":"https:\/\/www.mascomtal.com\/es\/wp-json\/wp\/v2\/product_cat?post=16953"},{"taxonomy":"product_tag","embeddable":true,"href":"https:\/\/www.mascomtal.com\/es\/wp-json\/wp\/v2\/product_tag?post=16953"}],"curies":[{"name":"wp","href":"https:\/\/api.w.org\/{rel}","templated":true}]}}