{"id":17095,"date":"2025-06-17T11:54:47","date_gmt":"2025-06-17T09:54:47","guid":{"rendered":"https:\/\/www.mascomtal.com\/botiga-online\/vendimia-viva\/"},"modified":"2026-03-13T10:41:41","modified_gmt":"2026-03-13T09:41:41","slug":"vendimia-viva","status":"publish","type":"product","link":"https:\/\/www.mascomtal.com\/es\/producto\/vendimia-viva\/","title":{"rendered":"Vendimia Viva"},"content":{"rendered":"<h3><strong>Desayuno de Vendimia:<\/strong><\/h3>\n<p>Recuperamos fuerzas con un desayuno t\u00edpico de la regi\u00f3n, lleno de sabores locales y productos frescos del Pened\u00e8s.<\/p>\n<h3><strong>Tour por la Vi\u00f1a:<\/strong><\/h3>\n<p>Recorre los vi\u00f1edos y conoce las diferentes variedades de uva que hacen \u00fanica esta regi\u00f3n. Aprende sobre las pr\u00e1cticas vitivin\u00edcolas que forman parte de la identidad del Pened\u00e8s. <\/p>\n<h3><strong>Cosecha de Uvas:<\/strong><\/h3>\n<p>Experimenta la vendimia como un aut\u00e9ntico viticultor, cosechando uvas bajo el sol del Pened\u00e8s. Te sentir\u00e1s parte de la tradici\u00f3n que ha dado forma a esta tierra. <\/p>\n<h3><strong>Pisado Tradicional de Uva:<\/strong><\/h3>\n<p>Vive la experiencia \u00fanica de pisar la uva al estilo tradicional, una pr\u00e1ctica que conecta con siglos de historia vitivin\u00edcola.<\/p>\n<h3><strong>Cata de Vinos y Mosto:<\/strong><\/h3>\n<p>Despu\u00e9s del trabajo de la vendimia, relajaos y disfrutad de una degustaci\u00f3n de vinos de la bodega, acompa\u00f1ada por un entorno privilegiado lleno de tradici\u00f3n e historia.<\/p>\n","protected":false},"excerpt":{"rendered":"<h2>\u00a1Vive la Tradici\u00f3n de la Vendimia en el Coraz\u00f3n del Pened\u00e8s!<\/h2>\n<p>Sum\u00e9rgete en una experiencia aut\u00e9ntica que celebra la tradici\u00f3n y la cultura del Pened\u00e8s.<\/p>\n<p>Te invitamos a participar en una actividad tan antigua como la regi\u00f3n misma, donde descubrir\u00e1s la magia de la vendimia y la transformaci\u00f3n de la uva en vino.<\/p>\n<p>Si quieres disfrutar de una experiencia en otro idioma, haz clic en este <a href=\"\/visites\/visites-personalitzades\/?tipus-visita=verema-viva\">enlace<\/a>.<\/p>\n","protected":false},"featured_media":17214,"comment_status":"open","ping_status":"closed","template":"","meta":{"_acf_changed":false,"_et_pb_use_builder":"","_et_pb_old_content":"","_et_gb_content_width":""},"product_brand":[],"product_cat":[81],"product_tag":[],"class_list":{"0":"post-17095","1":"product","2":"type-product","3":"status-publish","4":"has-post-thumbnail","6":"product_cat-enoturismo","8":"first","9":"instock","10":"virtual","11":"sold-individually","12":"taxable","13":"purchasable","14":"product-type-booking"},"group_of_quantity":0,"min_quantity":0,"max_quantity":"","exclude_order_quantity_value_rules":"no","exclude_category_quantity_rules":"no","combine_variations":"no","acf":[],"_links":{"self":[{"href":"https:\/\/www.mascomtal.com\/es\/wp-json\/wp\/v2\/product\/17095","targetHints":{"allow":["GET"]}}],"collection":[{"href":"https:\/\/www.mascomtal.com\/es\/wp-json\/wp\/v2\/product"}],"about":[{"href":"https:\/\/www.mascomtal.com\/es\/wp-json\/wp\/v2\/types\/product"}],"replies":[{"embeddable":true,"href":"https:\/\/www.mascomtal.com\/es\/wp-json\/wp\/v2\/comments?post=17095"}],"wp:featuredmedia":[{"embeddable":true,"href":"https:\/\/www.mascomtal.com\/es\/wp-json\/wp\/v2\/media\/17214"}],"wp:attachment":[{"href":"https:\/\/www.mascomtal.com\/es\/wp-json\/wp\/v2\/media?parent=17095"}],"wp:term":[{"taxonomy":"product_brand","embeddable":true,"href":"https:\/\/www.mascomtal.com\/es\/wp-json\/wp\/v2\/product_brand?post=17095"},{"taxonomy":"product_cat","embeddable":true,"href":"https:\/\/www.mascomtal.com\/es\/wp-json\/wp\/v2\/product_cat?post=17095"},{"taxonomy":"product_tag","embeddable":true,"href":"https:\/\/www.mascomtal.com\/es\/wp-json\/wp\/v2\/product_tag?post=17095"}],"curies":[{"name":"wp","href":"https:\/\/api.w.org\/{rel}","templated":true}]}}