{"id":2149,"date":"2021-09-06T17:40:28","date_gmt":"2021-09-06T15:40:28","guid":{"rendered":"https:\/\/www.mascomtal.com\/botiga-online\/lote-especial-carpediem\/"},"modified":"2025-06-26T10:54:43","modified_gmt":"2025-06-26T08:54:43","slug":"lote-especial-carpediem","status":"publish","type":"product","link":"https:\/\/www.mascomtal.com\/es\/producto\/lote-especial-carpediem\/","title":{"rendered":"Lote especial #Carpediem"},"content":{"rendered":"<p><strong>4 botellas de Mas Comtal Pomell de Blancs 2019<\/strong><br \/>\nEnsamblaje de xarel\u00b7lo con chardonnay y malvas\u00eda de Sitges. Corta crianza sobre l\u00edas. Vino de aperitivo. Perfecto acompa\u00f1ante de pescados en todas sus preparaciones, carnes blancas, arroces, marisco, embutidos y quesos.  <\/p>\n<p><strong>6 botellas de Mas Comtal Rosat de Ll\u00e0grima 2019<\/strong><br \/>\nReferente en el mundo de los rosados y pioneros con la elaboraci\u00f3n de un rosado de merlot. Elaborado a partir de una corta maceraci\u00f3n de la piel con el mosto consiguiendo un intenso color cereza y un amplio abanico de aromas de fruta roja. Vino de aperitivo, platillos y tertulia. Buen acompa\u00f1ante de diversas modalidades de pescado y carnes blancas. Ideal para platos donde el protagonista sea el arroz.   <\/p>\n<p><strong>4 botellas de Pizzicato 2019<\/strong><br \/>\nVino frizzante rosado elaborado a partir de una variedad tinta de uva, la Moscatel de Hamburgo. Peculiar y muy singular, de moderada acidez, seco y muy refrescante.<br \/>\nEs una opci\u00f3n divertida y distendida para acompa\u00f1ar entrantes, pasta, ensaladas o la tradicional coca de recapte. Muy acertado tom\u00e1rselo como aperitivo o entre horas. <\/p>\n<p><strong>4 botellas de Negre d\u2019Anyada 2018<\/strong><br \/>\nNegro joven, fresco, arom\u00e1tico, intenso y goloso, resultado de un coupage de garnacha tinta con merlot. C\u00f3mplice de mesas bien puestas; informales con quesos y charcuter\u00eda fina o m\u00e1s sofisticadas a base de carnes, caza o aves de corral en todas sus versiones culinarias. <\/p>\n","protected":false},"excerpt":{"rendered":"<p>Selecci\u00f3n especial #carpediem.<br \/>\nVinos j\u00f3venes, frescos, ligeros y espumosos.<br \/>\nDe colores y aromas intensos.<\/p>\n<p><strong>Un fest\u00edn para los sentidos.<\/strong><\/p>\n","protected":false},"featured_media":1019,"comment_status":"open","ping_status":"closed","template":"","meta":{"_acf_changed":false,"_et_pb_use_builder":"","_et_pb_old_content":"","_et_gb_content_width":""},"product_brand":[],"product_cat":[72,66,65],"product_tag":[],"class_list":{"0":"post-2149","1":"product","2":"type-product","3":"status-publish","4":"has-post-thumbnail","6":"product_cat-lotes-de-vinos","7":"product_cat-vinos-jovenes-mas-comtal","8":"product_cat-vinos-y-espumososs-de-mas-comtal","10":"first","11":"outofstock","12":"sale","13":"taxable","14":"shipping-taxable","15":"purchasable","16":"product-type-simple"},"group_of_quantity":0,"min_quantity":0,"max_quantity":"","exclude_order_quantity_value_rules":"no","exclude_category_quantity_rules":"no","combine_variations":"no","acf":[],"_links":{"self":[{"href":"https:\/\/www.mascomtal.com\/es\/wp-json\/wp\/v2\/product\/2149","targetHints":{"allow":["GET"]}}],"collection":[{"href":"https:\/\/www.mascomtal.com\/es\/wp-json\/wp\/v2\/product"}],"about":[{"href":"https:\/\/www.mascomtal.com\/es\/wp-json\/wp\/v2\/types\/product"}],"replies":[{"embeddable":true,"href":"https:\/\/www.mascomtal.com\/es\/wp-json\/wp\/v2\/comments?post=2149"}],"wp:featuredmedia":[{"embeddable":true,"href":"https:\/\/www.mascomtal.com\/es\/wp-json\/wp\/v2\/media\/1019"}],"wp:attachment":[{"href":"https:\/\/www.mascomtal.com\/es\/wp-json\/wp\/v2\/media?parent=2149"}],"wp:term":[{"taxonomy":"product_brand","embeddable":true,"href":"https:\/\/www.mascomtal.com\/es\/wp-json\/wp\/v2\/product_brand?post=2149"},{"taxonomy":"product_cat","embeddable":true,"href":"https:\/\/www.mascomtal.com\/es\/wp-json\/wp\/v2\/product_cat?post=2149"},{"taxonomy":"product_tag","embeddable":true,"href":"https:\/\/www.mascomtal.com\/es\/wp-json\/wp\/v2\/product_tag?post=2149"}],"curies":[{"name":"wp","href":"https:\/\/api.w.org\/{rel}","templated":true}]}}