{"id":2171,"date":"2021-09-06T17:40:17","date_gmt":"2021-09-06T15:40:17","guid":{"rendered":"https:\/\/www.mascomtal.com\/botiga-online\/lote-especial-winemoments\/"},"modified":"2025-07-03T09:34:53","modified_gmt":"2025-07-03T07:34:53","slug":"lote-especial-winemoments","status":"publish","type":"product","link":"https:\/\/www.mascomtal.com\/es\/producto\/lote-especial-winemoments\/","title":{"rendered":"Lote especial #WineMoments"},"content":{"rendered":"<p><strong>1 botella de Antistiana Xarel\u00b7lo 2018<\/strong><br \/>\nMuy gastron\u00f3mico. Combinaci\u00f3n con todo tipo de carnes blancas, pescados azules, pasta, quesos, y un largo etc\u00e9tera de opciones. Es una de las variedades blancas m\u00e1s vers\u00e1tiles.<\/p>\n<p>Producci\u00f3n limitada a 6.202 botellas de 75 cl.<br \/>\nDe uva de la Vi\u00f1a &#8220;ELS CORTEIS&#8221;, plantada en 1960.<\/p>\n<p>De marcado car\u00e1cter varietal, mineral, fresco, elegante y largo en boca. Graso y con una contundente sensaci\u00f3n grasa muy interesante, y un final de boca muy sabroso y persistente. No te decepcionar\u00e1.  <\/p>\n<p><strong>1 botella de Antistiana Incrocio Manzoni 2018<\/strong><br \/>\nUn vino con tanta personalidad que es perfectamente apto para beberlo solo. Sin embargo, combina muy bien con pescados grasos e intensos como el salm\u00f3n, el at\u00fan o el bacalao. Buen compa\u00f1ero de carnes blancas al horno, embutidos y excelente con un buen jam\u00f3n ib\u00e9rico.  <\/p>\n<p>Producci\u00f3n limitada a 2.612 botellas de 75 cl.<br \/>\nDe uva de la vi\u00f1a &#8220;EL MINGO&#8221;, plantada en 2001.<\/p>\n<p>Espectacular fusi\u00f3n de paisaje mediterr\u00e1neo y personalidad atl\u00e1ntica en un vino que sorprende por su profunda frescura bals\u00e1mica y extrema elegancia. Frutas y flores blancas, aromas de romero y olas de salinidad. Tierra, mar y aire combinados como elementos fundamentales para un vino imprescindible.  <\/p>\n<p><strong>1 botella de Petrea Merlot 2017<\/strong><br \/>\nMarida con carnes a la brasa, al horno, caza y quesos. Carnes rojas en general. Pasta. Opci\u00f3n divertida para acompa\u00f1ar con chocolate.   <\/p>\n<p>Producci\u00f3n limitada a 1.474 botellas de 75 cl. y 50 M\u00e1gnums.<br \/>\nVino envejecido durante un per\u00edodo de 12 meses en barricas nuevas de roble franc\u00e9s Allier, de grano fino y tostado medio, de 250 litros.<\/p>\n<p><strong>1 botella de Antistiana Cabernet Franc 2018<\/strong><br \/>\nCarnes rojas a la plancha, al horno, guisadas o estofadas. Quesos curados y secos. Risottos y pastas en todas sus variantes. Combinaci\u00f3n divertida con chocolate.   <\/p>\n<p>Botella numerada. Producci\u00f3n limitada a 6.310 botellas de 75 cl. y 99 m\u00e1gnums.<br \/>\nUva de la vi\u00f1a &#8220;El Roure&#8221;, plantada en 1985. <\/p>\n<p>Un vino que muestra la fuerza y elegancia caracter\u00edstica de la Cabernet Franc. Aromas bals\u00e1micos y especias, cereza madura y tacto carnoso. Potente con taninos dulces.  <\/p>\n<p><strong>1 botella de Joan Mil\u00e0 Brut Nature 2016 \u2013 Cl\u00e0ssic Pened\u00e8s<\/strong><br \/>\nPerfecto para disfrutar durante toda una comida, desde el aperitivo hasta el postre. Especialmente recomendado con un buen jam\u00f3n, carnes al horno o con un queso brie. <\/p>\n<p>Botella numerada. Producci\u00f3n limitada a 4.573 botellas de 75 cl. y 99 m\u00e1gnums. <\/p>\n<p>En 2002 comenzamos la elaboraci\u00f3n de las primeras botellas de una nueva categor\u00eda de vino con origen, que ha dado lugar al Cl\u00e0ssic Pened\u00e8s. Estamos orgullosos de haber impulsado este nuevo proyecto ilusionante, estrechamente comprometido con el territorio y que reconoce la elaboraci\u00f3n de grandes vinos espumosos en el Pened\u00e8s. <\/p>\n<p><strong>1 botella de Lyric Solera 1993<\/strong><br \/>\nVino de sobremesa por excelencia. Tambi\u00e9n recomendable para maridar aperitivos a base de foie. Un buen compa\u00f1ero de algunos quesos azules con car\u00e1cter. Ideal para condimentar una ensalada de frutas de temporada y combina a la perfecci\u00f3n con &#8220;cat\u00e0nies&#8221;, bombones, frutos secos y carquinyolis.<br \/>\nSingular vino generoso elaborado a partir de la variedad Merlot, vinificado siguiendo la metodolog\u00eda de los vinos generosos fortificados; se dej\u00f3 fermentar parcialmente el mosto que luego se encabez\u00f3 con alcohol v\u00ednico en la misma barrica de crianza.   <\/p>\n","protected":false},"excerpt":{"rendered":"<p>Selecci\u00f3n especial #winemoments.<br \/>\nSelecci\u00f3n de 6 grandes vinos para 6 ocasiones diferentes.<\/p>\n","protected":false},"featured_media":18417,"comment_status":"open","ping_status":"closed","template":"","meta":{"_acf_changed":false,"_et_pb_use_builder":"","_et_pb_old_content":"","_et_gb_content_width":""},"product_brand":[],"product_cat":[72,49,69,77,79,65],"product_tag":[],"class_list":{"0":"post-2171","1":"product","2":"type-product","3":"status-publish","4":"has-post-thumbnail","6":"product_cat-lotes-de-vinos","7":"product_cat-antistiana","8":"product_cat-classic-penedes-vino-espumoso-cava","9":"product_cat-petrea-es","10":"product_cat-vinos-dulces-de-mas-comtal-es","11":"product_cat-vinos-y-espumososs-de-mas-comtal","13":"first","14":"instock","15":"sale","16":"taxable","17":"shipping-taxable","18":"purchasable","19":"product-type-simple"},"group_of_quantity":0,"min_quantity":0,"max_quantity":"","exclude_order_quantity_value_rules":"no","exclude_category_quantity_rules":"no","combine_variations":"no","acf":[],"_links":{"self":[{"href":"https:\/\/www.mascomtal.com\/es\/wp-json\/wp\/v2\/product\/2171","targetHints":{"allow":["GET"]}}],"collection":[{"href":"https:\/\/www.mascomtal.com\/es\/wp-json\/wp\/v2\/product"}],"about":[{"href":"https:\/\/www.mascomtal.com\/es\/wp-json\/wp\/v2\/types\/product"}],"replies":[{"embeddable":true,"href":"https:\/\/www.mascomtal.com\/es\/wp-json\/wp\/v2\/comments?post=2171"}],"wp:featuredmedia":[{"embeddable":true,"href":"https:\/\/www.mascomtal.com\/es\/wp-json\/wp\/v2\/media\/18417"}],"wp:attachment":[{"href":"https:\/\/www.mascomtal.com\/es\/wp-json\/wp\/v2\/media?parent=2171"}],"wp:term":[{"taxonomy":"product_brand","embeddable":true,"href":"https:\/\/www.mascomtal.com\/es\/wp-json\/wp\/v2\/product_brand?post=2171"},{"taxonomy":"product_cat","embeddable":true,"href":"https:\/\/www.mascomtal.com\/es\/wp-json\/wp\/v2\/product_cat?post=2171"},{"taxonomy":"product_tag","embeddable":true,"href":"https:\/\/www.mascomtal.com\/es\/wp-json\/wp\/v2\/product_tag?post=2171"}],"curies":[{"name":"wp","href":"https:\/\/api.w.org\/{rel}","templated":true}]}}