{"id":2190,"date":"2021-08-24T10:15:52","date_gmt":"2021-08-24T08:15:52","guid":{"rendered":"https:\/\/www.mascomtal.com\/botiga-online\/regalo-visita-clasica\/"},"modified":"2026-03-13T10:21:37","modified_gmt":"2026-03-13T09:21:37","slug":"vale-regalo","status":"publish","type":"product","link":"https:\/\/www.mascomtal.com\/es\/producto\/vale-regalo\/","title":{"rendered":"Cheque Regalo de enoturismo"},"content":{"rendered":"<h3>\u00bfQu\u00e9 Incluye el Cheque Regalo?<\/h3>\n<ul>\n<li>Visites guiades amb tast de vins pr\u00e8mium<\/li>\n<li>Paseos entre vi\u00f1edos para conocer la historia y tradici\u00f3n de MAS COMTAL y el Pened\u00e8s.<\/li>\n<li>Maridajes y Gastronom\u00eda exclusiva con productos locales<\/li>\n<li>Experiencias personalizadas para disfrutar en pareja, familia o con amigos.<\/li>\n<\/ul>\n<h3>\u00bfPor qu\u00e9 elegir nuestro Cheque Regalo?<\/h3>\n<ul>\n<li>V\u00e1lido durante todo el a\u00f1o, para que puedas disfrutarlo cuando quieras.<\/li>\n<li>Diferentes opciones de experiencias para adaptarse a cada gusto.<\/li>\n<li>Compra f\u00e1cil y env\u00edo digital inmediato o en formato f\u00edsico elegante.<\/li>\n<li>Un regalo original y sostenible<\/li>\n<\/ul>\n<h3>\u00bfC\u00f3mo funciona?<\/h3>\n<ul>\n<li>Elige el tipo de experiencia que quieres regalar.<\/li>\n<li>Personaliza tu CHEQUE REGALO.\n<ul>\n<li>Donde pone \u201cREGALO PARA\u201d deber\u00e1s poner el nombre del beneficiario.<\/li>\n<li>El N\u00daMERO de participantes ser\u00e1 tantos como nos indiques en el momento de la compra del producto.<\/li>\n<li>Se genera 1 VALE REGALO por compra.<\/li>\n<li>Recibir\u00e1s un correo electr\u00f3nico con el VALE para imprimir.<\/li>\n<\/ul>\n<\/li>\n<\/ul>\n","protected":false},"excerpt":{"rendered":"<h2>Regala una aventura para los sentidos<\/h2>\n<p>Sorprende con un regalo especial e inolvidable!<\/p>\n<p>Con nuestro <strong>Vale Regalo de Enoturismo<\/strong>, ofreces una experiencia \u00fanica para descubrir el mundo del vino en un entorno incomparable.<\/p>\n","protected":false},"featured_media":17244,"comment_status":"open","ping_status":"closed","template":"","meta":{"_acf_changed":false,"_et_pb_use_builder":"","_et_pb_old_content":"","_et_gb_content_width":""},"product_brand":[],"product_cat":[81,112],"product_tag":[],"class_list":{"0":"post-2190","1":"product","2":"type-product","3":"status-publish","4":"has-post-thumbnail","6":"product_cat-enoturismo","7":"product_cat-vale-regalo","9":"first","10":"instock","11":"taxable","12":"shipping-taxable","13":"purchasable","14":"product-type-variable"},"group_of_quantity":0,"min_quantity":0,"max_quantity":"","exclude_order_quantity_value_rules":"no","exclude_category_quantity_rules":"no","combine_variations":"no","acf":[],"_links":{"self":[{"href":"https:\/\/www.mascomtal.com\/es\/wp-json\/wp\/v2\/product\/2190","targetHints":{"allow":["GET"]}}],"collection":[{"href":"https:\/\/www.mascomtal.com\/es\/wp-json\/wp\/v2\/product"}],"about":[{"href":"https:\/\/www.mascomtal.com\/es\/wp-json\/wp\/v2\/types\/product"}],"replies":[{"embeddable":true,"href":"https:\/\/www.mascomtal.com\/es\/wp-json\/wp\/v2\/comments?post=2190"}],"wp:featuredmedia":[{"embeddable":true,"href":"https:\/\/www.mascomtal.com\/es\/wp-json\/wp\/v2\/media\/17244"}],"wp:attachment":[{"href":"https:\/\/www.mascomtal.com\/es\/wp-json\/wp\/v2\/media?parent=2190"}],"wp:term":[{"taxonomy":"product_brand","embeddable":true,"href":"https:\/\/www.mascomtal.com\/es\/wp-json\/wp\/v2\/product_brand?post=2190"},{"taxonomy":"product_cat","embeddable":true,"href":"https:\/\/www.mascomtal.com\/es\/wp-json\/wp\/v2\/product_cat?post=2190"},{"taxonomy":"product_tag","embeddable":true,"href":"https:\/\/www.mascomtal.com\/es\/wp-json\/wp\/v2\/product_tag?post=2190"}],"curies":[{"name":"wp","href":"https:\/\/api.w.org\/{rel}","templated":true}]}}