{"id":2203,"date":"2021-09-03T14:24:13","date_gmt":"2021-09-03T12:24:13","guid":{"rendered":"https:\/\/www.mascomtal.com\/botiga-online\/rosado-de-lagrima\/"},"modified":"2026-02-19T09:33:10","modified_gmt":"2026-02-19T08:33:10","slug":"rosat-de-llagrima","status":"publish","type":"product","link":"https:\/\/www.mascomtal.com\/es\/producto\/rosat-de-llagrima\/","title":{"rendered":"<strong>Rosat de ll\u00e0grima<\/strong>"},"content":{"rendered":"<p>Con la cosecha 1993 fuimos pioneros con la elaboraci\u00f3n de un rosado con merlot. Este hecho nos ayud\u00f3 much\u00edsimo a hacernos un buen lugar en el mercado y que se nos etiquetara como bodega innovador y con vinos de calidad. Nuestro rosado, elaborado a partir de una corta maceraci\u00f3n de la pasta consiguiendo un intenso color cereza y un amplio abanico de aromas de fruta roja, fue nuestro gran acierto, el ACIERTO. Un vino que gusta a los gourmets y los menos aficionados al vino, no hace distinciones de sexos y gusta tanto a los hombres como a las mujeres, a la gente de m\u00e1s edad y los m\u00e1s j\u00f3venes. Un vino que ha hecho cambiar el concepto de los rosados \u200b\u200ba muchos consumidores, un vino que ha sido objeto de buenas cr\u00edticas y premios, un vino con una fuerte personalidad. Hemos conseguido desmitificar la mala prensa de los rosados. Todo un \u00e9xito.<\/p>\n","protected":false},"excerpt":{"rendered":"<p>Con la cosecha 1993 fuimos pioneros con la elaboraci\u00f3n de un rosado con merlot. Este hecho nos ayud\u00f3 much\u00edsimo a hacernos un buen lugar en el mercado y que se nos etiquetara como bodega innovador y con vinos de calidad. Nuestro rosado, elaborado a partir de una corta maceraci\u00f3n de la pasta consiguiendo un intenso [&hellip;]<\/p>\n","protected":false},"featured_media":15871,"comment_status":"open","ping_status":"closed","template":"","meta":{"_acf_changed":false,"_et_pb_use_builder":"","_et_pb_old_content":"","_et_gb_content_width":""},"product_brand":[],"product_cat":[66,65],"product_tag":[],"class_list":{"0":"post-2203","1":"product","2":"type-product","3":"status-publish","4":"has-post-thumbnail","6":"product_cat-vinos-jovenes-mas-comtal","7":"product_cat-vinos-y-espumososs-de-mas-comtal","9":"first","10":"instock","11":"featured","12":"taxable","13":"shipping-taxable","14":"purchasable","15":"product-type-simple"},"group_of_quantity":0,"min_quantity":0,"max_quantity":"","exclude_order_quantity_value_rules":"no","exclude_category_quantity_rules":"no","combine_variations":"no","acf":[],"_links":{"self":[{"href":"https:\/\/www.mascomtal.com\/es\/wp-json\/wp\/v2\/product\/2203","targetHints":{"allow":["GET"]}}],"collection":[{"href":"https:\/\/www.mascomtal.com\/es\/wp-json\/wp\/v2\/product"}],"about":[{"href":"https:\/\/www.mascomtal.com\/es\/wp-json\/wp\/v2\/types\/product"}],"replies":[{"embeddable":true,"href":"https:\/\/www.mascomtal.com\/es\/wp-json\/wp\/v2\/comments?post=2203"}],"wp:featuredmedia":[{"embeddable":true,"href":"https:\/\/www.mascomtal.com\/es\/wp-json\/wp\/v2\/media\/15871"}],"wp:attachment":[{"href":"https:\/\/www.mascomtal.com\/es\/wp-json\/wp\/v2\/media?parent=2203"}],"wp:term":[{"taxonomy":"product_brand","embeddable":true,"href":"https:\/\/www.mascomtal.com\/es\/wp-json\/wp\/v2\/product_brand?post=2203"},{"taxonomy":"product_cat","embeddable":true,"href":"https:\/\/www.mascomtal.com\/es\/wp-json\/wp\/v2\/product_cat?post=2203"},{"taxonomy":"product_tag","embeddable":true,"href":"https:\/\/www.mascomtal.com\/es\/wp-json\/wp\/v2\/product_tag?post=2203"}],"curies":[{"name":"wp","href":"https:\/\/api.w.org\/{rel}","templated":true}]}}