{"id":2206,"date":"2021-09-06T17:40:13","date_gmt":"2021-09-06T15:40:13","guid":{"rendered":"https:\/\/www.mascomtal.com\/botiga-online\/lote-especial-winelover\/"},"modified":"2025-06-26T11:50:59","modified_gmt":"2025-06-26T09:50:59","slug":"lote-especial-winelover","status":"publish","type":"product","link":"https:\/\/www.mascomtal.com\/es\/producto\/lote-especial-winelover\/","title":{"rendered":"Lote especial #WineLover"},"content":{"rendered":"<p><strong>2 botellas de Antistiana Xarel\u00b7lo 2019<\/strong><br \/>\nMuy gastron\u00f3mico. Combina con todo tipo de carnes blancas, pescados azules, pasta, quesos&#8230; y un largo etc\u00e9tera de opciones. Es una de las variedades blancas m\u00e1s vers\u00e1tiles.  <\/p>\n<p>Producci\u00f3n limitada a 2.407 botellas de 75 cl.<br \/>\nDe uva de la Vi\u00f1a &#8220;ELS CORTEIS&#8221;, plantada en 1960.<\/p>\n<p>Con un marcado car\u00e1cter varietal, mineral, fresco, elegante y largo en boca. Graso y contundente, con una sensaci\u00f3n grasa muy interesante y un final de boca muy sabroso y persistente. No te decepcionar\u00e1.  <\/p>\n<p><strong>2 botellas de Antistiana Incrocio Manzoni 2019<\/strong><br \/>\nUn vino con tanta personalidad que es perfectamente apto para beberlo solo. Sin embargo, combina muy bien con pescados grasos e intensos como el salm\u00f3n, el at\u00fan o el bacalao. Es un buen compa\u00f1ero de carnes blancas al horno, embutidos y excelente con un buen jam\u00f3n ib\u00e9rico.  <\/p>\n<p>Producci\u00f3n limitada a 2.395 botellas de 75 cl.<br \/>\nDe uva de la vi\u00f1a &#8220;EL MINGO&#8221;, plantada en 2001.<\/p>\n<p>Espectacular fusi\u00f3n de paisaje mediterr\u00e1neo y personalidad atl\u00e1ntica en un vino que sorprende por su profunda frescura bals\u00e1mica y extrema elegancia. Frutas y flores blancas, aromas de romero y olas de salinidad. Tierra, mar y aire combinados como elementos fundamentales para un vino imprescindible.  <\/p>\n<p><strong>2 botellas de Antistiana Cabernet Franc 2018<\/strong><br \/>\nCarnes rojas a la plancha, al horno, guisadas o estofadas. Quesos curados y secos. Risottos y pastas en todas sus variantes. Combinaci\u00f3n divertida con chocolate.   <\/p>\n<p>Botella numerada. Producci\u00f3n limitada a 4.644 botellas de 75 cl y 80 m\u00e1gnum.<br \/>\nUva de la vi\u00f1a &#8220;El Roure&#8221;, plantada en 1985. <\/p>\n<p>Un vino que muestra la fuerza y elegancia caracter\u00edstica de la Cabernet Franc. Aromas bals\u00e1micos y especias, cereza madura y tacto carnoso. Potente con taninos dulces.  <\/p>\n","protected":false},"excerpt":{"rendered":"<p>Selecci\u00f3n especial #winelover.<br \/>\nLa expresi\u00f3n del terru\u00f1o, de la variedad, de un clima y<span class=\"Apple-converted-space\"> <\/span>, sobre todo, de pasi\u00f3n.<\/p>\n","protected":false},"featured_media":18414,"comment_status":"open","ping_status":"closed","template":"","meta":{"_acf_changed":false,"_et_pb_use_builder":"","_et_pb_old_content":"","_et_gb_content_width":""},"product_brand":[],"product_cat":[72,49,65],"product_tag":[],"class_list":{"0":"post-2206","1":"product","2":"type-product","3":"status-publish","4":"has-post-thumbnail","6":"product_cat-lotes-de-vinos","7":"product_cat-antistiana","8":"product_cat-vinos-y-espumososs-de-mas-comtal","10":"first","11":"instock","12":"sale","13":"taxable","14":"shipping-taxable","15":"purchasable","16":"product-type-simple"},"group_of_quantity":0,"min_quantity":0,"max_quantity":"","exclude_order_quantity_value_rules":"no","exclude_category_quantity_rules":"no","combine_variations":"no","acf":[],"_links":{"self":[{"href":"https:\/\/www.mascomtal.com\/es\/wp-json\/wp\/v2\/product\/2206","targetHints":{"allow":["GET"]}}],"collection":[{"href":"https:\/\/www.mascomtal.com\/es\/wp-json\/wp\/v2\/product"}],"about":[{"href":"https:\/\/www.mascomtal.com\/es\/wp-json\/wp\/v2\/types\/product"}],"replies":[{"embeddable":true,"href":"https:\/\/www.mascomtal.com\/es\/wp-json\/wp\/v2\/comments?post=2206"}],"wp:featuredmedia":[{"embeddable":true,"href":"https:\/\/www.mascomtal.com\/es\/wp-json\/wp\/v2\/media\/18414"}],"wp:attachment":[{"href":"https:\/\/www.mascomtal.com\/es\/wp-json\/wp\/v2\/media?parent=2206"}],"wp:term":[{"taxonomy":"product_brand","embeddable":true,"href":"https:\/\/www.mascomtal.com\/es\/wp-json\/wp\/v2\/product_brand?post=2206"},{"taxonomy":"product_cat","embeddable":true,"href":"https:\/\/www.mascomtal.com\/es\/wp-json\/wp\/v2\/product_cat?post=2206"},{"taxonomy":"product_tag","embeddable":true,"href":"https:\/\/www.mascomtal.com\/es\/wp-json\/wp\/v2\/product_tag?post=2206"}],"curies":[{"name":"wp","href":"https:\/\/api.w.org\/{rel}","templated":true}]}}