{"id":2227,"date":"2021-09-06T17:38:51","date_gmt":"2021-09-06T15:38:51","guid":{"rendered":"https:\/\/www.mascomtal.com\/botiga-online\/lyric\/"},"modified":"2025-07-03T10:54:06","modified_gmt":"2025-07-03T08:54:06","slug":"lyric","status":"publish","type":"product","link":"https:\/\/www.mascomtal.com\/es\/producto\/lyric\/","title":{"rendered":"<strong>Lyric<\/strong>"},"content":{"rendered":"<p>Se trata de un VINO GENEROSO resultado de un proyecto de m\u00e1s de 15 a\u00f1os de vinificaci\u00f3n. Un proyecto que se inicia con la cosecha de 1993, coincidiendo con el inicio de la nueva etapa de la finca familiar. <\/p>\n<p>En esta ocasi\u00f3n bautizado con el nombre de LYRIC, en referencia a la poes\u00eda en la que predomina el elemento y el tono afectivo, sentimental y emotivo. Un g\u00e9nero sin m\u00e9trica ni rima propia. Totalmente aplicable a este nuevo proyecto que no sigue normativas ni reglas, sino que es el resultado de una ilusi\u00f3n.<br \/>\nVino dulce de producci\u00f3n muy limitada, del cual se han embotellado 2,000 unidades de 50 cl con tap\u00f3n de vidrio, para facilitar su conservaci\u00f3n y evitar posibles problemas de malos gustos ocasionados por el corcho.<\/p>\n","protected":false},"excerpt":{"rendered":"<p>Joan Mil\u00e0, conocido tambi\u00e9n con el sobrenombre de &#8220;El Mago del Merlot&#8221;, nos sorprendi\u00f3 nuevamente con un vino generoso. Fue el \u00faltimo proyecto de Joan y Albert que sali\u00f3 a la luz antes de que Joan nos dejara en enero de 2009. <\/p>\n","protected":false},"featured_media":15920,"comment_status":"open","ping_status":"closed","template":"","meta":{"_acf_changed":false,"_et_pb_use_builder":"","_et_pb_old_content":"","_et_gb_content_width":""},"product_brand":[],"product_cat":[79,65],"product_tag":[],"class_list":{"0":"post-2227","1":"product","2":"type-product","3":"status-publish","4":"has-post-thumbnail","6":"product_cat-vinos-dulces-de-mas-comtal-es","7":"product_cat-vinos-y-espumososs-de-mas-comtal","9":"first","10":"instock","11":"taxable","12":"shipping-taxable","13":"purchasable","14":"product-type-simple"},"group_of_quantity":0,"min_quantity":0,"max_quantity":"","exclude_order_quantity_value_rules":"no","exclude_category_quantity_rules":"no","combine_variations":"no","acf":[],"_links":{"self":[{"href":"https:\/\/www.mascomtal.com\/es\/wp-json\/wp\/v2\/product\/2227","targetHints":{"allow":["GET"]}}],"collection":[{"href":"https:\/\/www.mascomtal.com\/es\/wp-json\/wp\/v2\/product"}],"about":[{"href":"https:\/\/www.mascomtal.com\/es\/wp-json\/wp\/v2\/types\/product"}],"replies":[{"embeddable":true,"href":"https:\/\/www.mascomtal.com\/es\/wp-json\/wp\/v2\/comments?post=2227"}],"wp:featuredmedia":[{"embeddable":true,"href":"https:\/\/www.mascomtal.com\/es\/wp-json\/wp\/v2\/media\/15920"}],"wp:attachment":[{"href":"https:\/\/www.mascomtal.com\/es\/wp-json\/wp\/v2\/media?parent=2227"}],"wp:term":[{"taxonomy":"product_brand","embeddable":true,"href":"https:\/\/www.mascomtal.com\/es\/wp-json\/wp\/v2\/product_brand?post=2227"},{"taxonomy":"product_cat","embeddable":true,"href":"https:\/\/www.mascomtal.com\/es\/wp-json\/wp\/v2\/product_cat?post=2227"},{"taxonomy":"product_tag","embeddable":true,"href":"https:\/\/www.mascomtal.com\/es\/wp-json\/wp\/v2\/product_tag?post=2227"}],"curies":[{"name":"wp","href":"https:\/\/api.w.org\/{rel}","templated":true}]}}