{"id":2229,"date":"2021-09-03T14:24:29","date_gmt":"2021-09-03T12:24:29","guid":{"rendered":"https:\/\/www.mascomtal.com\/botiga-online\/petrea-merlot\/"},"modified":"2025-07-03T11:33:01","modified_gmt":"2025-07-03T09:33:01","slug":"petrea-merlot","status":"publish","type":"product","link":"https:\/\/www.mascomtal.com\/es\/producto\/petrea-merlot\/","title":{"rendered":"<strong>Petrea<\/strong> Merlot"},"content":{"rendered":"<p>Vino elaborado con el merlot procedente de la parcela llamada \u201cLa Feixa Llarga\u201d, vi\u00f1a de merlot plantada en 1982. Se trata de la vi\u00f1a m\u00e1s vieja de merlot. La cosecha de 2015 se caracteriz\u00f3 por disfrutar de un periodo estival extremadamente seco y caluroso, siguiendo la t\u00f3nica de estos \u00faltimos a\u00f1os. De la vendimia resultante se obtuvieron unos mostos con abundante materia colorante y t\u00e1nica. Una vez terminada la primera parte de vinificaci\u00f3n se pone el vino en barricas nuevas de roble franc\u00e9s de tostado medio durante aproximadamente 12 meses.    <\/p>\n","protected":false},"excerpt":{"rendered":"<p>Vino elaborado con el merlot procedente de la parcela llamada \u201cLa Feixa Llarga\u201d, vi\u00f1a de merlot plantada en 1982. Se trata de la vi\u00f1a m\u00e1s vieja de merlot. La cosecha de 2015 se caracteriz\u00f3 por disfrutar de un periodo estival extremadamente seco y caluroso, siguiendo la t\u00f3nica de estos \u00faltimos a\u00f1os. De la vendimia resultante [&hellip;]<\/p>\n","protected":false},"featured_media":15893,"comment_status":"open","ping_status":"closed","template":"","meta":{"_acf_changed":false,"_et_pb_use_builder":"","_et_pb_old_content":"","_et_gb_content_width":""},"product_brand":[],"product_cat":[77,65],"product_tag":[],"class_list":{"0":"post-2229","1":"product","2":"type-product","3":"status-publish","4":"has-post-thumbnail","6":"product_cat-petrea-es","7":"product_cat-vinos-y-espumososs-de-mas-comtal","8":"pa_capacitat-botella-75cl","9":"pa_capacitat-magnum-es","11":"first","12":"instock","13":"taxable","14":"shipping-taxable","15":"purchasable","16":"product-type-variable"},"group_of_quantity":0,"min_quantity":0,"max_quantity":"","exclude_order_quantity_value_rules":"no","exclude_category_quantity_rules":"no","combine_variations":"no","acf":[],"_links":{"self":[{"href":"https:\/\/www.mascomtal.com\/es\/wp-json\/wp\/v2\/product\/2229","targetHints":{"allow":["GET"]}}],"collection":[{"href":"https:\/\/www.mascomtal.com\/es\/wp-json\/wp\/v2\/product"}],"about":[{"href":"https:\/\/www.mascomtal.com\/es\/wp-json\/wp\/v2\/types\/product"}],"replies":[{"embeddable":true,"href":"https:\/\/www.mascomtal.com\/es\/wp-json\/wp\/v2\/comments?post=2229"}],"wp:featuredmedia":[{"embeddable":true,"href":"https:\/\/www.mascomtal.com\/es\/wp-json\/wp\/v2\/media\/15893"}],"wp:attachment":[{"href":"https:\/\/www.mascomtal.com\/es\/wp-json\/wp\/v2\/media?parent=2229"}],"wp:term":[{"taxonomy":"product_brand","embeddable":true,"href":"https:\/\/www.mascomtal.com\/es\/wp-json\/wp\/v2\/product_brand?post=2229"},{"taxonomy":"product_cat","embeddable":true,"href":"https:\/\/www.mascomtal.com\/es\/wp-json\/wp\/v2\/product_cat?post=2229"},{"taxonomy":"product_tag","embeddable":true,"href":"https:\/\/www.mascomtal.com\/es\/wp-json\/wp\/v2\/product_tag?post=2229"}],"curies":[{"name":"wp","href":"https:\/\/api.w.org\/{rel}","templated":true}]}}