{"id":2231,"date":"2021-09-06T17:38:30","date_gmt":"2021-09-06T15:38:30","guid":{"rendered":"https:\/\/www.mascomtal.com\/botiga-online\/pomell-de-blancs\/"},"modified":"2025-11-14T09:47:17","modified_gmt":"2025-11-14T07:47:17","slug":"pomell-de-blancs","status":"publish","type":"product","link":"https:\/\/www.mascomtal.com\/es\/producto\/pomell-de-blancs\/","title":{"rendered":"<strong>Pomell de Blancs<\/strong>"},"content":{"rendered":"<p>Pomell es un vocablo catal\u00e1n que significa ramo silvestre de diversas flores. Como este vino es un coupage de diversas variedades, hemos querido hacer as\u00ed un paralelismo ling\u00fc\u00edstico.<\/p>\n<p>Se trata de una perfecta combinaci\u00f3n de la singularidad del xarel\u00b7lo con la sofisticaci\u00f3n del chardonnay. Cada una de las dos variedades se elaboran y se cr\u00edan por separado con sus l\u00edas en dep\u00f3sitos subterr\u00e1neos, al estilo de los grandes vinos blancos del Loire y Chablis. Una vez terminada su crianza tiene lugar su ensamblaje determinado por la a\u00f1ada y por cada uno de los caracteres de sus componentes.<\/p>\n","protected":false},"excerpt":{"rendered":"<p>Pomell es un vocablo catal\u00e1n que significa ramo silvestre de diversas flores. Como este vino es un coupage de diversas variedades, hemos querido hacer as\u00ed un paralelismo ling\u00fc\u00edstico. Se trata de una perfecta combinaci\u00f3n de la singularidad del xarel\u00b7lo con la sofisticaci\u00f3n del chardonnay. Cada una de las dos variedades se elaboran y se cr\u00edan [&hellip;]<\/p>\n","protected":false},"featured_media":15866,"comment_status":"open","ping_status":"closed","template":"","meta":{"_acf_changed":false,"_et_pb_use_builder":"","_et_pb_old_content":"","_et_gb_content_width":""},"product_brand":[],"product_cat":[66,65],"product_tag":[],"class_list":{"0":"post-2231","1":"product","2":"type-product","3":"status-publish","4":"has-post-thumbnail","6":"product_cat-vinos-jovenes-mas-comtal","7":"product_cat-vinos-y-espumososs-de-mas-comtal","9":"first","10":"instock","11":"featured","12":"taxable","13":"shipping-taxable","14":"purchasable","15":"product-type-simple"},"group_of_quantity":0,"min_quantity":0,"max_quantity":"","exclude_order_quantity_value_rules":"no","exclude_category_quantity_rules":"no","combine_variations":"no","acf":[],"_links":{"self":[{"href":"https:\/\/www.mascomtal.com\/es\/wp-json\/wp\/v2\/product\/2231","targetHints":{"allow":["GET"]}}],"collection":[{"href":"https:\/\/www.mascomtal.com\/es\/wp-json\/wp\/v2\/product"}],"about":[{"href":"https:\/\/www.mascomtal.com\/es\/wp-json\/wp\/v2\/types\/product"}],"replies":[{"embeddable":true,"href":"https:\/\/www.mascomtal.com\/es\/wp-json\/wp\/v2\/comments?post=2231"}],"wp:featuredmedia":[{"embeddable":true,"href":"https:\/\/www.mascomtal.com\/es\/wp-json\/wp\/v2\/media\/15866"}],"wp:attachment":[{"href":"https:\/\/www.mascomtal.com\/es\/wp-json\/wp\/v2\/media?parent=2231"}],"wp:term":[{"taxonomy":"product_brand","embeddable":true,"href":"https:\/\/www.mascomtal.com\/es\/wp-json\/wp\/v2\/product_brand?post=2231"},{"taxonomy":"product_cat","embeddable":true,"href":"https:\/\/www.mascomtal.com\/es\/wp-json\/wp\/v2\/product_cat?post=2231"},{"taxonomy":"product_tag","embeddable":true,"href":"https:\/\/www.mascomtal.com\/es\/wp-json\/wp\/v2\/product_tag?post=2231"}],"curies":[{"name":"wp","href":"https:\/\/api.w.org\/{rel}","templated":true}]}}