{"id":2235,"date":"2021-09-06T17:38:41","date_gmt":"2021-09-06T15:38:41","guid":{"rendered":"https:\/\/www.mascomtal.com\/botiga-online\/antistiana-cabernet-franc\/"},"modified":"2025-07-03T11:33:22","modified_gmt":"2025-07-03T09:33:22","slug":"antistiana-cabernet-franc","status":"publish","type":"product","link":"https:\/\/www.mascomtal.com\/es\/producto\/antistiana-cabernet-franc\/","title":{"rendered":"<strong>Antistiana<\/strong> Cabernet Franc"},"content":{"rendered":"<p>Antistiana era una antigua localidad romana y mansi\u00f3n cerca de la V\u00eda Augusta, en el camino de Arl\u00e9s en Tarragona (Tarraco) y hasta Cartagena (Cartago), de localizaci\u00f3n incierta; quiz\u00e1s en el tri\u00e1ngulo comprendido entre Vilafranca del Pened\u00e8s, Ol\u00e8rdola y La R\u00e0pita, cerca de Santa Margarida i els Monjos. Posiblemente el nombre fue tomado por Cayo Antistio, uno de los generales romanos que intervinieron en la guerra cant\u00e1brica.<\/p>\n","protected":false},"excerpt":{"rendered":"<p>Antistiana era una antigua localidad romana y mansi\u00f3n cerca de la V\u00eda Augusta, en el camino de Arl\u00e9s en Tarragona (Tarraco) y hasta Cartagena (Cartago), de localizaci\u00f3n incierta; quiz\u00e1s en el tri\u00e1ngulo comprendido entre Vilafranca del Pened\u00e8s, Ol\u00e8rdola y La R\u00e0pita, cerca de Santa Margarida i els Monjos. Posiblemente el nombre fue tomado por Cayo [&hellip;]<\/p>\n","protected":false},"featured_media":15877,"comment_status":"open","ping_status":"closed","template":"","meta":{"_acf_changed":false,"_et_pb_use_builder":"","_et_pb_old_content":"","_et_gb_content_width":""},"product_brand":[],"product_cat":[49,65],"product_tag":[],"class_list":{"0":"post-2235","1":"product","2":"type-product","3":"status-publish","4":"has-post-thumbnail","6":"product_cat-antistiana","7":"product_cat-vinos-y-espumososs-de-mas-comtal","8":"pa_capacitat-botella-75cl","9":"pa_capacitat-magnum-es","11":"first","12":"instock","13":"taxable","14":"shipping-taxable","15":"purchasable","16":"product-type-variable"},"group_of_quantity":0,"min_quantity":0,"max_quantity":"","exclude_order_quantity_value_rules":"no","exclude_category_quantity_rules":"no","combine_variations":"no","acf":[],"_links":{"self":[{"href":"https:\/\/www.mascomtal.com\/es\/wp-json\/wp\/v2\/product\/2235","targetHints":{"allow":["GET"]}}],"collection":[{"href":"https:\/\/www.mascomtal.com\/es\/wp-json\/wp\/v2\/product"}],"about":[{"href":"https:\/\/www.mascomtal.com\/es\/wp-json\/wp\/v2\/types\/product"}],"replies":[{"embeddable":true,"href":"https:\/\/www.mascomtal.com\/es\/wp-json\/wp\/v2\/comments?post=2235"}],"wp:featuredmedia":[{"embeddable":true,"href":"https:\/\/www.mascomtal.com\/es\/wp-json\/wp\/v2\/media\/15877"}],"wp:attachment":[{"href":"https:\/\/www.mascomtal.com\/es\/wp-json\/wp\/v2\/media?parent=2235"}],"wp:term":[{"taxonomy":"product_brand","embeddable":true,"href":"https:\/\/www.mascomtal.com\/es\/wp-json\/wp\/v2\/product_brand?post=2235"},{"taxonomy":"product_cat","embeddable":true,"href":"https:\/\/www.mascomtal.com\/es\/wp-json\/wp\/v2\/product_cat?post=2235"},{"taxonomy":"product_tag","embeddable":true,"href":"https:\/\/www.mascomtal.com\/es\/wp-json\/wp\/v2\/product_tag?post=2235"}],"curies":[{"name":"wp","href":"https:\/\/api.w.org\/{rel}","templated":true}]}}