{"id":2266,"date":"2021-09-06T17:39:07","date_gmt":"2021-09-06T15:39:07","guid":{"rendered":"https:\/\/www.mascomtal.com\/botiga-online\/antistiana-incrocio-manzoni\/"},"modified":"2025-07-03T09:55:16","modified_gmt":"2025-07-03T07:55:16","slug":"antistiana-incrocio-manzoni","status":"publish","type":"product","link":"https:\/\/www.mascomtal.com\/es\/producto\/antistiana-incrocio-manzoni\/","title":{"rendered":"<strong>Antistiana<\/strong> Incrocio Manzoni"},"content":{"rendered":"<p>Se trata de la cuarta cosecha del Incrocio Manzoni, variedad poco conocida en nuestro pa\u00eds y que el Juan Mil\u00e1n \u201cdescubrir\u201d y se enamor\u00f3 en uno de los muchos viajes a Italia. Se trata de una variedad llamada Manzoni Bianco o Incrocio Manzoni, originaria de la provincia de Treviso. De hecho, es un cruce entre Riesling Renano con Pinot Blanc que llev\u00f3 a cabo el profesor Luigi Manzoni y que fue uno de los resultados m\u00e1s interesantes despu\u00e9s de una serie de diferentes pruebas de cruces, llevados a cabo a mediados del siglo XX, con el objetivo de identificar nuevas variedades de uva que pudieran complementar a las ya existentes en la zona del Veneto.<\/p>\n<p>Esta variedad destaca por la complejidad aportada por Pinot Blanc y la fuerza arom\u00e1tica del riesling. Ben trabajados dan como resultado vinos complejos, arom\u00e1ticos y con mucha capacidad de envejecimiento. Es cuesti\u00f3n de probarlo!<\/p>\n","protected":false},"excerpt":{"rendered":"<p>Se trata de la cuarta cosecha del Incrocio Manzoni, variedad poco conocida en nuestro pa\u00eds y que el Juan Mil\u00e1n \u201cdescubrir\u201d y se enamor\u00f3 en uno de los muchos viajes a Italia. Se trata de una variedad llamada Manzoni Bianco o Incrocio Manzoni, originaria de la provincia de Treviso. De hecho, es un cruce entre [&hellip;]<\/p>\n","protected":false},"featured_media":15881,"comment_status":"open","ping_status":"closed","template":"","meta":{"_acf_changed":false,"_et_pb_use_builder":"","_et_pb_old_content":"","_et_gb_content_width":""},"product_brand":[],"product_cat":[49,65],"product_tag":[],"class_list":{"0":"post-2266","1":"product","2":"type-product","3":"status-publish","4":"has-post-thumbnail","6":"product_cat-antistiana","7":"product_cat-vinos-y-espumososs-de-mas-comtal","8":"pa_capacitat-botella-75cl","9":"pa_capacitat-magnum-es","11":"first","12":"instock","13":"taxable","14":"shipping-taxable","15":"purchasable","16":"product-type-variable"},"group_of_quantity":0,"min_quantity":0,"max_quantity":"","exclude_order_quantity_value_rules":"no","exclude_category_quantity_rules":"no","combine_variations":"no","acf":[],"_links":{"self":[{"href":"https:\/\/www.mascomtal.com\/es\/wp-json\/wp\/v2\/product\/2266","targetHints":{"allow":["GET"]}}],"collection":[{"href":"https:\/\/www.mascomtal.com\/es\/wp-json\/wp\/v2\/product"}],"about":[{"href":"https:\/\/www.mascomtal.com\/es\/wp-json\/wp\/v2\/types\/product"}],"replies":[{"embeddable":true,"href":"https:\/\/www.mascomtal.com\/es\/wp-json\/wp\/v2\/comments?post=2266"}],"wp:featuredmedia":[{"embeddable":true,"href":"https:\/\/www.mascomtal.com\/es\/wp-json\/wp\/v2\/media\/15881"}],"wp:attachment":[{"href":"https:\/\/www.mascomtal.com\/es\/wp-json\/wp\/v2\/media?parent=2266"}],"wp:term":[{"taxonomy":"product_brand","embeddable":true,"href":"https:\/\/www.mascomtal.com\/es\/wp-json\/wp\/v2\/product_brand?post=2266"},{"taxonomy":"product_cat","embeddable":true,"href":"https:\/\/www.mascomtal.com\/es\/wp-json\/wp\/v2\/product_cat?post=2266"},{"taxonomy":"product_tag","embeddable":true,"href":"https:\/\/www.mascomtal.com\/es\/wp-json\/wp\/v2\/product_tag?post=2266"}],"curies":[{"name":"wp","href":"https:\/\/api.w.org\/{rel}","templated":true}]}}