{"id":3015,"date":"2021-10-14T11:16:47","date_gmt":"2021-10-14T09:16:47","guid":{"rendered":"https:\/\/www.mascomtal.com\/?post_type=product&#038;p=3015"},"modified":"2025-10-20T10:23:25","modified_gmt":"2025-10-20T08:23:25","slug":"gran-angular-ancestral","status":"publish","type":"product","link":"https:\/\/www.mascomtal.com\/es\/producto\/gran-angular-ancestral\/","title":{"rendered":"<strong>Gran Angular<\/strong> Ancestral Incrocio Manzoni"},"content":{"rendered":"<p>Emmarcat en la nostra l\u00ednia m\u00e9s experimental, amb aquest nou vi elaborat amb Incrocio Manzoni volem recuperar l&#8217;elaboraci\u00f3 d&#8217;escumosos ancestrals. Amb aquest antiqu\u00edssim m\u00e8tode, a difer\u00e8ncia del champenoise, el carb\u00f2nic \u00e9s el resultat d&#8217;una \u00fanica fermentaci\u00f3 alcoh\u00f2lica. El most s&#8217;embotella a mitja fermentaci\u00f3, de manera que les bombolles trobades a la copa s\u00f3n el resultat de la seva culminaci\u00f3.<\/p>\n<p>\u00c9s un homenatge als aromes i sensacions d&#8217;altres temps.<\/p>\n","protected":false},"excerpt":{"rendered":"<p>Emmarcat en la nostra l\u00ednia m\u00e9s experimental, amb aquest nou vi elaborat amb Incrocio Manzoni volem recuperar l&#8217;elaboraci\u00f3 d&#8217;escumosos ancestrals. Amb aquest antiqu\u00edssim m\u00e8tode, a difer\u00e8ncia del champenoise, el carb\u00f2nic \u00e9s el resultat d&#8217;una \u00fanica fermentaci\u00f3 alcoh\u00f2lica. El most s&#8217;embotella a mitja fermentaci\u00f3, de manera que les bombolles trobades a la copa s\u00f3n el resultat [&hellip;]<\/p>\n","protected":false},"featured_media":16025,"comment_status":"open","ping_status":"closed","template":"","meta":{"_acf_changed":false,"_et_pb_use_builder":"off","_et_pb_old_content":"Emmarcat en la nostra l\u00ednia m\u00e9s experimental, amb aquest nou vi elaborat amb Incrocio Manzoni volem recuperar l'elaboraci\u00f3 d'escumosos ancestrals. Amb aquest antiqu\u00edssim m\u00e8tode, a difer\u00e8ncia del champenoise, el carb\u00f2nic \u00e9s el resultat d'una \u00fanica fermentaci\u00f3. El most s'embotella a mitja fermentaci\u00f3, de manera que les bombolles trobades a la copa s\u00f3n el resultat de la seva culminaci\u00f3.\r\n\r\n\u00c9s un homenatge als aromes i sensacions d'altres temps.","_et_gb_content_width":""},"product_brand":[],"product_cat":[75,65],"product_tag":[],"class_list":{"0":"post-3015","1":"product","2":"type-product","3":"status-publish","4":"has-post-thumbnail","6":"product_cat-gran-angular-es","7":"product_cat-vinos-y-espumososs-de-mas-comtal","9":"first","10":"instock","11":"taxable","12":"shipping-taxable","13":"purchasable","14":"product-type-simple"},"group_of_quantity":0,"min_quantity":0,"max_quantity":"","exclude_order_quantity_value_rules":"no","exclude_category_quantity_rules":"no","combine_variations":"no","acf":[],"_links":{"self":[{"href":"https:\/\/www.mascomtal.com\/es\/wp-json\/wp\/v2\/product\/3015","targetHints":{"allow":["GET"]}}],"collection":[{"href":"https:\/\/www.mascomtal.com\/es\/wp-json\/wp\/v2\/product"}],"about":[{"href":"https:\/\/www.mascomtal.com\/es\/wp-json\/wp\/v2\/types\/product"}],"replies":[{"embeddable":true,"href":"https:\/\/www.mascomtal.com\/es\/wp-json\/wp\/v2\/comments?post=3015"}],"wp:featuredmedia":[{"embeddable":true,"href":"https:\/\/www.mascomtal.com\/es\/wp-json\/wp\/v2\/media\/16025"}],"wp:attachment":[{"href":"https:\/\/www.mascomtal.com\/es\/wp-json\/wp\/v2\/media?parent=3015"}],"wp:term":[{"taxonomy":"product_brand","embeddable":true,"href":"https:\/\/www.mascomtal.com\/es\/wp-json\/wp\/v2\/product_brand?post=3015"},{"taxonomy":"product_cat","embeddable":true,"href":"https:\/\/www.mascomtal.com\/es\/wp-json\/wp\/v2\/product_cat?post=3015"},{"taxonomy":"product_tag","embeddable":true,"href":"https:\/\/www.mascomtal.com\/es\/wp-json\/wp\/v2\/product_tag?post=3015"}],"curies":[{"name":"wp","href":"https:\/\/api.w.org\/{rel}","templated":true}]}}